{"id":43336,"date":"2018-12-12T14:00:46","date_gmt":"2018-12-12T14:00:46","guid":{"rendered":"https:\/\/immobilien.one\/politica-de-proteccion-de-datos-personales\/"},"modified":"2022-10-04T07:47:33","modified_gmt":"2022-10-04T07:47:33","slug":"politica-de-proteccion-de-datos-personales","status":"publish","type":"page","link":"https:\/\/immobilien.one\/es\/politica-de-proteccion-de-datos-personales\/","title":{"rendered":"POL\u00cdTICA DE  PROTECCI\u00d3N DE DATOS PERSONALES"},"content":{"rendered":"\t\t<div data-elementor-type=\"wp-post\" data-elementor-id=\"43336\" class=\"elementor elementor-43336 elementor-41589\" data-elementor-post-type=\"page\">\n\t\t\t\t\t\t<section class=\"elementor-section elementor-top-section elementor-element elementor-element-e549408 elementor-section-content-middle elementor-section-stretched elementor-section-boxed elementor-section-height-default elementor-section-height-default\" data-id=\"e549408\" data-element_type=\"section\" data-settings=\"{&quot;stretch_section&quot;:&quot;section-stretched&quot;,&quot;background_background&quot;:&quot;classic&quot;}\">\n\t\t\t\t\t\t\t<div class=\"elementor-background-overlay\"><\/div>\n\t\t\t\t\t\t\t<div class=\"elementor-container elementor-column-gap-no\">\n\t\t\t\t\t<div class=\"elementor-column elementor-col-100 elementor-top-column elementor-element elementor-element-b2b34e5 tree-boxes\" data-id=\"b2b34e5\" data-element_type=\"column\" data-settings=\"{&quot;background_background&quot;:&quot;classic&quot;}\">\n\t\t\t<div class=\"elementor-widget-wrap elementor-element-populated\">\n\t\t\t\t\t\t<div class=\"elementor-element elementor-element-733b562 uppercase elementor-widget elementor-widget-heading\" data-id=\"733b562\" data-element_type=\"widget\" data-widget_type=\"heading.default\">\n\t\t\t\t<div class=\"elementor-widget-container\">\n\t\t\t<h1 class=\"elementor-heading-title elementor-size-default\">POL\u00cdTICA DE  PROTECCI\u00d3N DE DATOS PERSONALES<\/h1>\t\t<\/div>\n\t\t\t\t<\/div>\n\t\t\t\t<div class=\"elementor-element elementor-element-8ce7c4f uppercase elementor-widget elementor-widget-heading\" data-id=\"8ce7c4f\" data-element_type=\"widget\" data-widget_type=\"heading.default\">\n\t\t\t\t<div class=\"elementor-widget-container\">\n\t\t\t<h3 class=\"elementor-heading-title elementor-size-default\">Responsable del tratamiento de los datos personales<\/h3>\t\t<\/div>\n\t\t\t\t<\/div>\n\t\t\t\t<div class=\"elementor-element elementor-element-dae0f86 elementor-widget-divider--view-line elementor-widget elementor-widget-divider\" data-id=\"dae0f86\" data-element_type=\"widget\" data-widget_type=\"divider.default\">\n\t\t\t\t<div class=\"elementor-widget-container\">\n\t\t\t\t\t<div class=\"elementor-divider\">\n\t\t\t<span class=\"elementor-divider-separator\">\n\t\t\t\t\t\t<\/span>\n\t\t<\/div>\n\t\t\t\t<\/div>\n\t\t\t\t<\/div>\n\t\t\t\t\t<\/div>\n\t\t<\/div>\n\t\t\t\t\t<\/div>\n\t\t<\/section>\n\t\t\t\t<section class=\"elementor-section elementor-top-section elementor-element elementor-element-fea7395 elementor-section-content-middle elementor-section-stretched elementor-section-boxed elementor-section-height-default elementor-section-height-default\" data-id=\"fea7395\" data-element_type=\"section\" data-settings=\"{&quot;stretch_section&quot;:&quot;section-stretched&quot;,&quot;background_background&quot;:&quot;classic&quot;}\">\n\t\t\t\t\t\t\t<div class=\"elementor-background-overlay\"><\/div>\n\t\t\t\t\t\t\t<div class=\"elementor-container elementor-column-gap-no\">\n\t\t\t\t\t<div class=\"elementor-column elementor-col-100 elementor-top-column elementor-element elementor-element-57766ab\" data-id=\"57766ab\" data-element_type=\"column\">\n\t\t\t<div class=\"elementor-widget-wrap elementor-element-populated\">\n\t\t\t\t\t\t<section class=\"elementor-section elementor-inner-section elementor-element elementor-element-ff9f3d8 elementor-section-boxed elementor-section-height-default elementor-section-height-default\" data-id=\"ff9f3d8\" data-element_type=\"section\">\n\t\t\t\t\t\t<div class=\"elementor-container elementor-column-gap-default\">\n\t\t\t\t\t<div class=\"elementor-column elementor-col-100 elementor-inner-column elementor-element elementor-element-4d9d7ec\" data-id=\"4d9d7ec\" data-element_type=\"column\" data-settings=\"{&quot;background_background&quot;:&quot;classic&quot;}\">\n\t\t\t<div class=\"elementor-widget-wrap elementor-element-populated\">\n\t\t\t\t\t\t<div class=\"elementor-element elementor-element-10d58fb elementor-invisible elementor-widget elementor-widget-text-editor\" data-id=\"10d58fb\" data-element_type=\"widget\" data-settings=\"{&quot;_animation&quot;:&quot;fadeIn&quot;,&quot;_animation_delay&quot;:300}\" data-widget_type=\"text-editor.default\">\n\t\t\t\t<div class=\"elementor-widget-container\">\n\t\t\t\t\t\t\t<p>El responsable del tratamiento de datos de car\u00e1cter personal es Fast Fact inmobiliaria &amp; servicios S.L. con CIF B16552853 y con domicilio social en <br \/><br \/><strong>Apartado de Correos 81<br \/><\/strong><strong>07530 Sant Lloren\u00e7 des Cardassar<\/strong><\/p><p><strong>\u00bfPara qu\u00e9, y con qu\u00e9 legitimaci\u00f3n, tratamos sus datos personales?<\/strong><br \/>Sus datos ser\u00e1n tratados por Fast Fact inmobiliaria &amp; servicios S.L. para:<\/p><p><strong>1. Gesti\u00f3n de consultas, quejas\/incidencias reclamaciones y solicitudes realizadas por parte del usuario.<\/strong> Fast Fact inmobiliaria &amp; servicios S.L. realizar\u00e1 aquellos tratamientos de datos necesarios para la atenci\u00f3n de la solicitud requerida por parte del usuario. De esta forma, trataremos datos como su nombre, apellidos, e-mail, tel\u00e9fono, provincia, c\u00f3digo postal, as\u00ed como la informaci\u00f3n relativa a si el usuario es cliente de Fast Fact inmobiliaria &amp; servicios S.L. o no.<\/p><p><strong>2. Control inform\u00e1tico de la p\u00e1gina web.<\/strong> Fast Fact inmobiliaria &amp; servicios S.L. realizar\u00e1 aquellas actuaciones de vigilancia y control del uso de la p\u00e1gina web con el fin de prevenir y detectar cualquier utilizaci\u00f3n fraudulenta (como manipulaciones t\u00e9cnicas, modificaciones de c\u00f3digo\u2026), con el fin de evitar, prevenir y\/o detectar cualquier acceso no autorizado, alteraci\u00f3n o p\u00e9rdida de aquella informaci\u00f3n relativa a terceras personas diferentes al usuario que pueda generar para Fast Fact inmobiliaria &amp; servicios S.L. responsabilidades civiles, penales y\/o administrativas.<\/p><p><strong>3. Comunicaciones comerciales.<\/strong> Si usted nos da su consentimiento, Fast Fact inmobiliaria &amp; servicios S.L. podr\u00e1 remitirle comunicaciones sobre eventos, cursos, informes, colaboraciones y servicios de Fast Fact inmobiliaria &amp; servicios S.L.<\/p><p><strong>4. Tratamiento de datos de cookies<\/strong><\/p><p><strong>\u00bfPor cu\u00e1nto tiempo conservaremos sus datos?<\/strong><\/p><p>Fast Fact inmobiliaria &amp; servicios S.L. tratar\u00e1 sus datos durante el tiempo necesario para la atenci\u00f3n de la solicitud requerida por el cliente. En este sentido mantendremos bloqueados sus datos personales durante el plazo de prescripci\u00f3n de las acciones que pudieran derivarse de la relaci\u00f3n mantenida con el interesado o para la atenci\u00f3n de requerimientos de autoridades p\u00fablicas.<\/p><p><strong>\u00bfA qui\u00e9nes comunicaremos tus datos?<\/strong><\/p><p>No se ceder\u00e1n datos a terceros, salvo requerimiento por parte de organismos p\u00fablicos.<\/p><p>Para poder gestionar debidamente el servicio prestado y los datos personales de sus usuarios, Fast Fact inmobiliaria &amp; servicios S.L. contar\u00e1 con la colaboraci\u00f3n de terceros proveedores de servicios que pueden tener acceso a sus datos personales y que tratar\u00e1n los referidos datos en nombre y por cuenta de Fast Fact inmobiliaria &amp; servicios S.L. como consecuencia de su prestaci\u00f3n de servicios. Fast Fact inmobiliaria &amp; servicios S.L. se compromete a suscribir con ellos el correspondiente contrato de tratamiento de datos, mediante el cual les impondr\u00e1, entre otras, las siguientes obligaciones: aplicar medidas t\u00e9cnicas y organizativas apropiadas; tratar los datos personales para las finalidades pactadas y atendiendo \u00fanicamente a las instrucciones documentadas de Fast Fact inmobiliaria &amp; servicios S.L., y suprimir o devolver los datos a Fast Fact inmobiliaria &amp; servicios S.L. una vez finalice la prestaci\u00f3n de los servicios.<\/p><p><strong>\u00bfC\u00f3mo hemos obtenido tus datos?<\/strong><\/p><p>Los datos personales que Fast Fact inmobiliaria &amp; servicios S.L. trata del usuario en su p\u00e1gina web son aquellos que el usuario comunica en los formularios habilitados.<\/p><p><strong>\u00bfC\u00f3mo obtiene Fast Fact inmobiliaria &amp; servicios S.L. el consentimiento del usuario?<\/strong><\/p><p>En los casos que as\u00ed sea necesario, tal y como se ha recogido con anterioridad, Fast Fact inmobiliaria &amp; servicios S.L. obtendr\u00e1 el consentimiento de los usuarios a trav\u00e9s de las casillas espec\u00edficas ubicadas en los formularios online.<\/p><p><strong>\u00bfCu\u00e1les son los derechos de los usuarios en protecci\u00f3n de datos?<\/strong><\/p><ul><li>Usted tiene derecho a obtener confirmaci\u00f3n sobre si en Fast Fact inmobiliaria &amp; servicios S.L. estamos tratando datos personales que le conciernen, o no, y, en tal caso, a acceder a sus datos personales, as\u00ed como a solicitar la rectificaci\u00f3n de los datos inexactos o, en su caso, solicitar su supresi\u00f3n cuando, entre otros motivos, los datos ya no sean necesarios para los fines que fueron recogidos.<\/li><li>En determinadas circunstancias, usted podr\u00e1 solicitar la limitaci\u00f3n del tratamiento de sus datos, en cuyo caso \u00fanicamente los conservaremos para el ejercicio o la defensa de reclamaciones.<\/li><li>Usted podr\u00e1 solicitar la portabilidad de sus datos para que \u00e9stos sean remitidos directamente a la entidad por \u00e9l designada en un formato estructurado, de uso com\u00fan y lectura mec\u00e1nica.<\/li><li>Usted puede desde este momento y en cualquier otro posterior retirar el consentimiento otorgado para el tratamiento.<\/li><li>Si usted quiere interponer una reclamaci\u00f3n sobre el tratamiento de sus datos, podr\u00e1 dirigirse a Fast Fact inmobiliaria &amp; servicios S.L.<\/li><\/ul><p>Para el ejercicio de los derechos mencionados en este apartado usted puede dirigirse, mediante escrito a Fast Fact inmobiliaria &amp; servicios S.L., acreditando su identidad (DNI), mediante correo electr\u00f3nico a: <a href=\"mailto:info@immobilien.one\">info@immobilien.one<\/a><\/p><p>Usted podr\u00e1 reclamar ante la Agencia Espa\u00f1ola de Protecci\u00f3n de Datos (Autoridad de Control competente en esta materia), especialmente cuando no haya obtenido satisfacci\u00f3n en el ejercicio de sus derechos, mediante escrito dirigido a la misma, C\/ Jorge Juan, n\u00famero 6, 28001 \u2013 Madrid o a trav\u00e9s de la web: <a href=\"https:\/\/www.agpd.es\" target=\"_blank\" rel=\"noopener\">https:\/\/www.agpd.es<\/a><\/p>\t\t\t\t\t\t<\/div>\n\t\t\t\t<\/div>\n\t\t\t\t\t<\/div>\n\t\t<\/div>\n\t\t\t\t\t<\/div>\n\t\t<\/section>\n\t\t\t\t\t<\/div>\n\t\t<\/div>\n\t\t\t\t\t<\/div>\n\t\t<\/section>\n\t\t\t\t<section class=\"elementor-section elementor-top-section elementor-element elementor-element-6976908 elementor-section-content-middle elementor-section-stretched elementor-section-boxed elementor-section-height-default elementor-section-height-default\" data-id=\"6976908\" data-element_type=\"section\" data-settings=\"{&quot;stretch_section&quot;:&quot;section-stretched&quot;,&quot;background_background&quot;:&quot;classic&quot;}\">\n\t\t\t\t\t\t\t<div class=\"elementor-background-overlay\"><\/div>\n\t\t\t\t\t\t\t<div class=\"elementor-container elementor-column-gap-no\">\n\t\t\t\t\t<div class=\"elementor-column elementor-col-100 elementor-top-column elementor-element elementor-element-2f187ea\" data-id=\"2f187ea\" data-element_type=\"column\">\n\t\t\t<div class=\"elementor-widget-wrap\">\n\t\t\t\t\t\t\t<\/div>\n\t\t<\/div>\n\t\t\t\t\t<\/div>\n\t\t<\/section>\n\t\t\t\t<\/div>\n\t\t","protected":false},"excerpt":{"rendered":"<p>POL\u00cdTICA DE PROTECCI\u00d3N DE DATOS PERSONALES Responsable del tratamiento de los datos personales El responsable del tratamiento de datos de car\u00e1cter personal es Fast Fact inmobiliaria &amp; servicios S.L. con CIF B16552853 y con domicilio social en Apartado de Correos 8107530 Sant Lloren\u00e7 des Cardassar \u00bfPara qu\u00e9, y con qu\u00e9 legitimaci\u00f3n, tratamos sus datos personales?Sus &#8230; <a title=\"POL\u00cdTICA DE  PROTECCI\u00d3N DE DATOS PERSONALES\" class=\"read-more\" href=\"https:\/\/immobilien.one\/es\/politica-de-proteccion-de-datos-personales\/\" aria-label=\"Leer m\u00e1s sobre POL\u00cdTICA DE  PROTECCI\u00d3N DE DATOS PERSONALES\">Leer m\u00e1s<\/a><\/p>\n","protected":false},"author":4,"featured_media":0,"parent":0,"menu_order":0,"comment_status":"closed","ping_status":"closed","template":"","meta":{"_monsterinsights_skip_tracking":false,"_monsterinsights_sitenote_active":false,"_monsterinsights_sitenote_note":"","_monsterinsights_sitenote_category":0,"generate_page_header":"","footnotes":""},"class_list":["post-43336","page","type-page","status-publish"],"_links":{"self":[{"href":"https:\/\/immobilien.one\/es\/wp-json\/wp\/v2\/pages\/43336","targetHints":{"allow":["GET"]}}],"collection":[{"href":"https:\/\/immobilien.one\/es\/wp-json\/wp\/v2\/pages"}],"about":[{"href":"https:\/\/immobilien.one\/es\/wp-json\/wp\/v2\/types\/page"}],"author":[{"embeddable":true,"href":"https:\/\/immobilien.one\/es\/wp-json\/wp\/v2\/users\/4"}],"replies":[{"embeddable":true,"href":"https:\/\/immobilien.one\/es\/wp-json\/wp\/v2\/comments?post=43336"}],"version-history":[{"count":17,"href":"https:\/\/immobilien.one\/es\/wp-json\/wp\/v2\/pages\/43336\/revisions"}],"predecessor-version":[{"id":44265,"href":"https:\/\/immobilien.one\/es\/wp-json\/wp\/v2\/pages\/43336\/revisions\/44265"}],"wp:attachment":[{"href":"https:\/\/immobilien.one\/es\/wp-json\/wp\/v2\/media?parent=43336"}],"curies":[{"name":"wp","href":"https:\/\/api.w.org\/{rel}","templated":true}]}}