{"id":43331,"date":"2018-12-12T13:55:27","date_gmt":"2018-12-12T13:55:27","guid":{"rendered":"https:\/\/immobilien.one\/informacion-legal\/"},"modified":"2022-10-04T07:45:18","modified_gmt":"2022-10-04T07:45:18","slug":"informacion-legal","status":"publish","type":"page","link":"https:\/\/immobilien.one\/es\/informacion-legal\/","title":{"rendered":"INFORMACI\u00d3N LEGAL"},"content":{"rendered":"\t\t<div data-elementor-type=\"wp-post\" data-elementor-id=\"43331\" class=\"elementor elementor-43331 elementor-42052\" data-elementor-post-type=\"page\">\n\t\t\t\t\t\t<section class=\"elementor-section elementor-top-section elementor-element elementor-element-c1ba743 elementor-section-content-middle elementor-section-stretched elementor-section-boxed elementor-section-height-default elementor-section-height-default\" data-id=\"c1ba743\" data-element_type=\"section\" data-settings=\"{&quot;stretch_section&quot;:&quot;section-stretched&quot;,&quot;background_background&quot;:&quot;classic&quot;}\">\n\t\t\t\t\t\t\t<div class=\"elementor-background-overlay\"><\/div>\n\t\t\t\t\t\t\t<div class=\"elementor-container elementor-column-gap-no\">\n\t\t\t\t\t<div class=\"elementor-column elementor-col-100 elementor-top-column elementor-element elementor-element-31d30c0 tree-boxes\" data-id=\"31d30c0\" data-element_type=\"column\" data-settings=\"{&quot;background_background&quot;:&quot;classic&quot;}\">\n\t\t\t<div class=\"elementor-widget-wrap elementor-element-populated\">\n\t\t\t\t\t\t<div class=\"elementor-element elementor-element-93443de uppercase elementor-widget elementor-widget-heading\" data-id=\"93443de\" data-element_type=\"widget\" data-widget_type=\"heading.default\">\n\t\t\t\t<div class=\"elementor-widget-container\">\n\t\t\t<h1 class=\"elementor-heading-title elementor-size-default\">INFORMACI\u00d3N LEGAL<\/h1>\t\t<\/div>\n\t\t\t\t<\/div>\n\t\t\t\t<div class=\"elementor-element elementor-element-6788fc0 uppercase elementor-widget elementor-widget-heading\" data-id=\"6788fc0\" data-element_type=\"widget\" data-widget_type=\"heading.default\">\n\t\t\t\t<div class=\"elementor-widget-container\">\n\t\t\t<h3 class=\"elementor-heading-title elementor-size-default\">Responsabilidades y Contacto<\/h3>\t\t<\/div>\n\t\t\t\t<\/div>\n\t\t\t\t<div class=\"elementor-element elementor-element-e4a046f elementor-widget-divider--view-line elementor-widget elementor-widget-divider\" data-id=\"e4a046f\" data-element_type=\"widget\" data-widget_type=\"divider.default\">\n\t\t\t\t<div class=\"elementor-widget-container\">\n\t\t\t\t\t<div class=\"elementor-divider\">\n\t\t\t<span class=\"elementor-divider-separator\">\n\t\t\t\t\t\t<\/span>\n\t\t<\/div>\n\t\t\t\t<\/div>\n\t\t\t\t<\/div>\n\t\t\t\t\t<\/div>\n\t\t<\/div>\n\t\t\t\t\t<\/div>\n\t\t<\/section>\n\t\t\t\t<section class=\"elementor-section elementor-top-section elementor-element elementor-element-130e6100 elementor-section-content-middle elementor-section-stretched elementor-section-boxed elementor-section-height-default elementor-section-height-default\" data-id=\"130e6100\" data-element_type=\"section\" data-settings=\"{&quot;stretch_section&quot;:&quot;section-stretched&quot;,&quot;background_background&quot;:&quot;classic&quot;}\">\n\t\t\t\t\t\t\t<div class=\"elementor-background-overlay\"><\/div>\n\t\t\t\t\t\t\t<div class=\"elementor-container elementor-column-gap-no\">\n\t\t\t\t\t<div class=\"elementor-column elementor-col-100 elementor-top-column elementor-element elementor-element-fecab83\" data-id=\"fecab83\" data-element_type=\"column\">\n\t\t\t<div class=\"elementor-widget-wrap elementor-element-populated\">\n\t\t\t\t\t\t<section class=\"elementor-section elementor-inner-section elementor-element elementor-element-730b5eb1 elementor-section-boxed elementor-section-height-default elementor-section-height-default\" data-id=\"730b5eb1\" data-element_type=\"section\">\n\t\t\t\t\t\t<div class=\"elementor-container elementor-column-gap-default\">\n\t\t\t\t\t<div class=\"elementor-column elementor-col-50 elementor-inner-column elementor-element elementor-element-76b10139\" data-id=\"76b10139\" data-element_type=\"column\" data-settings=\"{&quot;background_background&quot;:&quot;classic&quot;}\">\n\t\t\t<div class=\"elementor-widget-wrap elementor-element-populated\">\n\t\t\t\t\t\t<div class=\"elementor-element elementor-element-8acf58c elementor-invisible elementor-widget elementor-widget-text-editor\" data-id=\"8acf58c\" data-element_type=\"widget\" data-settings=\"{&quot;_animation&quot;:&quot;fadeIn&quot;,&quot;_animation_delay&quot;:300}\" data-widget_type=\"text-editor.default\">\n\t\t\t\t<div class=\"elementor-widget-container\">\n\t\t\t\t\t\t\t<p><strong><span lang=\"ES\">Responsable del contenido:<\/span><\/strong><br \/>fast fact inmobiliaria &amp; servicios S.L.<\/p><p><strong><span lang=\"ES\">Contacto:<br \/><\/span><\/strong>Poligono 7, Parcela 392<br \/>07530 Sant Lloren\u00e7 des Cardassar<\/p><p><strong><span lang=\"ES\">N\u00famero de tel\u00e9fono<\/span>:<\/strong> <span lang=\"ES\">+34 636 815 766<\/span><br \/><strong><span lang=\"ES\">Correo electr\u00f3nico<\/span>:<\/strong> <a href=\"mailto:info@immobilien.one\">info@immobilien.one<\/a><\/p><p><strong>fast fact inmobiliaria &amp; servicios S.L.<\/strong><\/p><p><span lang=\"ES\">Inscrita en el Registro Mercantil de Palma de Mallorca con n\u00famero <strong>B16552853.<\/strong><\/span><\/p>\t\t\t\t\t\t<\/div>\n\t\t\t\t<\/div>\n\t\t\t\t\t<\/div>\n\t\t<\/div>\n\t\t\t\t<div class=\"elementor-column elementor-col-50 elementor-inner-column elementor-element elementor-element-5219388\" data-id=\"5219388\" data-element_type=\"column\" data-settings=\"{&quot;background_background&quot;:&quot;classic&quot;}\">\n\t\t\t<div class=\"elementor-widget-wrap elementor-element-populated\">\n\t\t\t\t\t\t<div class=\"elementor-element elementor-element-8f0416a elementor-invisible elementor-widget elementor-widget-text-editor\" data-id=\"8f0416a\" data-element_type=\"widget\" data-settings=\"{&quot;_animation&quot;:&quot;fadeIn&quot;,&quot;_animation_delay&quot;:300}\" data-widget_type=\"text-editor.default\">\n\t\t\t\t<div class=\"elementor-widget-container\">\n\t\t\t\t\t\t\t<p><strong><span lang=\"ES\">Responsabilidades:<br \/>\n<\/span><\/strong>Alexandra Haasler<br \/>\n<span lang=\"ES\">Socia Directora<\/span><\/p>\n<p><strong><span lang=\"ES\">N\u00famero de las operaciones intercomunitarias<\/span>:<\/strong><br \/>\nESB16552853<\/p>\n<p><strong>Dise\u00f1o web y soporte:<\/strong><br \/>\n<a href=\"https:\/\/andrea-baitz.de\/\" target=\"_blank\" rel=\"noopener\">Andrea Baitz &#8211; Ilustraci\u00f3n, Dise\u00f1o y Marketing<\/a><\/p>\n<p><strong>Proceder:<\/strong><br \/>\nshutterstock | imagen: <a href=\"https:\/\/www.shutterstock.com\/de\/image-photo\/creative-blurry-outdoor-asphalt-background-mist-780934750\" target=\"_blank\" rel=\"noopener\">780934750<\/a> | Copyright: \u00abWho is Danny\u00bb<br \/>\nshutterstock | imagen: <a href=\"https:\/\/www.shutterstock.com\/de\/image-illustration\/data-kept-inside-safe-box-3d-471845849\" target=\"_blank\" rel=\"noopener\">471845849<\/a> | Copyright: \u00abphive\u00bb<br \/>\nshutterstock | imagen: <a href=\"https:\/\/www.shutterstock.com\/de\/image-photo\/island-scenery-seascape-majorca-spain-idyllic-536134999\" target=\"_blank\" rel=\"noopener\">536134999<\/a> | Copyright: \u00abvulcano\u00bb<br \/>\nshutterstock | imagen: <a href=\"https:\/\/www.shutterstock.com\/de\/image-illustration\/ray-light-shining-through-opened-safe-475044034\" target=\"_blank\" rel=\"noopener\">475044034<\/a> | Copyright: \u00abphive\u00bb<br \/>\nshutterstock | imagen: <a href=\"https:\/\/www.shutterstock.com\/de\/image-photo\/formentor-cape-pollensa-high-aerial-sea-84830866\" target=\"_blank\" rel=\"noopener\">84830866<\/a> | Copyright: \u00abTono Balaguer\u00bb<br \/>\nshutterstock | imagen: <a href=\"https:\/\/www.shutterstock.com\/de\/image-photo\/lawyer-advocate-jurist-help-protect-rights-568196338\" target=\"_blank\" rel=\"noopener\">568196338<\/a> | Copyright: \u00abJirsak\u00bb<br \/>\nshutterstock | imagen: <a href=\"https:\/\/www.shutterstock.com\/de\/image-photo\/real-estate-agent-offer-house-property-557293018\" target=\"_blank\" rel=\"noopener\">557293018<\/a> | Copyright: \u00abJirsak\u00bb<br \/>\nshutterstock | imagen: <a href=\"https:\/\/www.shutterstock.com\/de\/image-illustration\/3d-illustration-vault-door-over-black-707643928\" target=\"_blank\" rel=\"noopener\">707643928<\/a> | Copyright: \u00abMmaxer\u00bb<br \/>\nshutterstock | imagen: <a href=\"https:\/\/www.shutterstock.com\/de\/image-photo\/sailing-boat-cala-rajada-mallorca-beautiful-454592677\" target=\"_blank\" rel=\"noopener\">454592677<\/a> | Copyright: \u00abSimon Dannhauer\u00bb<br \/>\nshutterstock | imagen: <a href=\"https:\/\/www.shutterstock.com\/de\/image-illustration\/buy-sell-stocks-business-financial-market-70822495\" target=\"_blank\" rel=\"noopener\">70822495<\/a> | Copyright: \u00abLightspring\u00bb<\/p>\n\t\t\t\t\t\t<\/div>\n\t\t\t\t<\/div>\n\t\t\t\t\t<\/div>\n\t\t<\/div>\n\t\t\t\t\t<\/div>\n\t\t<\/section>\n\t\t\t\t\t<\/div>\n\t\t<\/div>\n\t\t\t\t\t<\/div>\n\t\t<\/section>\n\t\t\t\t<section class=\"elementor-section elementor-top-section elementor-element elementor-element-de1ecf7 elementor-section-content-middle elementor-section-stretched elementor-section-boxed elementor-section-height-default elementor-section-height-default\" data-id=\"de1ecf7\" data-element_type=\"section\" data-settings=\"{&quot;stretch_section&quot;:&quot;section-stretched&quot;,&quot;background_background&quot;:&quot;classic&quot;}\">\n\t\t\t\t\t\t\t<div class=\"elementor-background-overlay\"><\/div>\n\t\t\t\t\t\t\t<div class=\"elementor-container elementor-column-gap-no\">\n\t\t\t\t\t<div class=\"elementor-column elementor-col-100 elementor-top-column elementor-element elementor-element-8c91780\" data-id=\"8c91780\" data-element_type=\"column\">\n\t\t\t<div class=\"elementor-widget-wrap\">\n\t\t\t\t\t\t\t<\/div>\n\t\t<\/div>\n\t\t\t\t\t<\/div>\n\t\t<\/section>\n\t\t\t\t<\/div>\n\t\t","protected":false},"excerpt":{"rendered":"<p>INFORMACI\u00d3N LEGAL Responsabilidades y Contacto Responsable del contenido:fast fact inmobiliaria &amp; servicios S.L. Contacto:Poligono 7, Parcela 39207530 Sant Lloren\u00e7 des Cardassar N\u00famero de tel\u00e9fono: +34 636 815 766Correo electr\u00f3nico: info@immobilien.one fast fact inmobiliaria &amp; servicios S.L. Inscrita en el Registro Mercantil de Palma de Mallorca con n\u00famero B16552853. Responsabilidades: Alexandra Haasler Socia Directora N\u00famero de &#8230; <a title=\"INFORMACI\u00d3N LEGAL\" class=\"read-more\" href=\"https:\/\/immobilien.one\/es\/informacion-legal\/\" aria-label=\"Leer m\u00e1s sobre INFORMACI\u00d3N LEGAL\">Leer m\u00e1s<\/a><\/p>\n","protected":false},"author":1,"featured_media":0,"parent":0,"menu_order":0,"comment_status":"closed","ping_status":"closed","template":"","meta":{"_monsterinsights_skip_tracking":false,"_monsterinsights_sitenote_active":false,"_monsterinsights_sitenote_note":"","_monsterinsights_sitenote_category":0,"generate_page_header":"","footnotes":""},"class_list":["post-43331","page","type-page","status-publish"],"_links":{"self":[{"href":"https:\/\/immobilien.one\/es\/wp-json\/wp\/v2\/pages\/43331","targetHints":{"allow":["GET"]}}],"collection":[{"href":"https:\/\/immobilien.one\/es\/wp-json\/wp\/v2\/pages"}],"about":[{"href":"https:\/\/immobilien.one\/es\/wp-json\/wp\/v2\/types\/page"}],"author":[{"embeddable":true,"href":"https:\/\/immobilien.one\/es\/wp-json\/wp\/v2\/users\/1"}],"replies":[{"embeddable":true,"href":"https:\/\/immobilien.one\/es\/wp-json\/wp\/v2\/comments?post=43331"}],"version-history":[{"count":18,"href":"https:\/\/immobilien.one\/es\/wp-json\/wp\/v2\/pages\/43331\/revisions"}],"predecessor-version":[{"id":44262,"href":"https:\/\/immobilien.one\/es\/wp-json\/wp\/v2\/pages\/43331\/revisions\/44262"}],"wp:attachment":[{"href":"https:\/\/immobilien.one\/es\/wp-json\/wp\/v2\/media?parent=43331"}],"curies":[{"name":"wp","href":"https:\/\/api.w.org\/{rel}","templated":true}]}}