{"id":43311,"date":"2018-12-12T13:26:33","date_gmt":"2018-12-12T13:26:33","guid":{"rendered":"https:\/\/immobilien.one\/el-precio-de-venta-un-pensamiento-matamatico-matematico\/"},"modified":"2018-12-18T10:59:18","modified_gmt":"2018-12-18T10:59:18","slug":"el-precio-de-venta-un-pensamiento-matamatico-matematico","status":"publish","type":"page","link":"https:\/\/immobilien.one\/es\/el-precio-de-venta-un-pensamiento-matamatico-matematico\/","title":{"rendered":"EL PRECIO DE VENTA, TODO UN JUEGO DE N\u00daMEROS"},"content":{"rendered":"\t\t<div data-elementor-type=\"wp-post\" data-elementor-id=\"43311\" class=\"elementor elementor-43311 elementor-41400 elementor-bc-flex-widget\" data-elementor-post-type=\"page\">\n\t\t\t\t\t\t<section class=\"elementor-section elementor-top-section elementor-element elementor-element-70c522c elementor-section-content-middle elementor-section-stretched elementor-section-boxed elementor-section-height-default elementor-section-height-default\" data-id=\"70c522c\" data-element_type=\"section\" data-settings=\"{&quot;stretch_section&quot;:&quot;section-stretched&quot;,&quot;background_background&quot;:&quot;classic&quot;}\">\n\t\t\t\t\t\t\t<div class=\"elementor-background-overlay\"><\/div>\n\t\t\t\t\t\t\t<div class=\"elementor-container elementor-column-gap-no\">\n\t\t\t\t\t<div class=\"elementor-column elementor-col-100 elementor-top-column elementor-element elementor-element-4deef36 tree-boxes\" data-id=\"4deef36\" data-element_type=\"column\" data-settings=\"{&quot;background_background&quot;:&quot;classic&quot;}\">\n\t\t\t<div class=\"elementor-widget-wrap elementor-element-populated\">\n\t\t\t\t\t\t<div class=\"elementor-element elementor-element-553342c uppercase elementor-widget elementor-widget-heading\" data-id=\"553342c\" data-element_type=\"widget\" data-widget_type=\"heading.default\">\n\t\t\t\t<div class=\"elementor-widget-container\">\n\t\t\t<h1 class=\"elementor-heading-title elementor-size-default\">EL PRECIO DE VENTA, TODO UN JUEGO DE N\u00daMEROS...<\/h1>\t\t<\/div>\n\t\t\t\t<\/div>\n\t\t\t\t<div class=\"elementor-element elementor-element-e4490e8 uppercase elementor-widget elementor-widget-heading\" data-id=\"e4490e8\" data-element_type=\"widget\" data-widget_type=\"heading.default\">\n\t\t\t\t<div class=\"elementor-widget-container\">\n\t\t\t<h3 class=\"elementor-heading-title elementor-size-default\">EL PRECIO DE VENTA, TODO UN JUEGO DE N\u00daMEROS<\/h3>\t\t<\/div>\n\t\t\t\t<\/div>\n\t\t\t\t<div class=\"elementor-element elementor-element-efa28b4 elementor-widget-divider--view-line elementor-widget elementor-widget-divider\" data-id=\"efa28b4\" data-element_type=\"widget\" data-widget_type=\"divider.default\">\n\t\t\t\t<div class=\"elementor-widget-container\">\n\t\t\t\t\t<div class=\"elementor-divider\">\n\t\t\t<span class=\"elementor-divider-separator\">\n\t\t\t\t\t\t<\/span>\n\t\t<\/div>\n\t\t\t\t<\/div>\n\t\t\t\t<\/div>\n\t\t\t\t\t<\/div>\n\t\t<\/div>\n\t\t\t\t\t<\/div>\n\t\t<\/section>\n\t\t\t\t<section class=\"elementor-section elementor-top-section elementor-element elementor-element-441cc4d elementor-section-content-middle elementor-section-stretched elementor-section-boxed elementor-section-height-default elementor-section-height-default\" data-id=\"441cc4d\" data-element_type=\"section\" data-settings=\"{&quot;stretch_section&quot;:&quot;section-stretched&quot;,&quot;background_background&quot;:&quot;classic&quot;}\">\n\t\t\t\t\t\t\t<div class=\"elementor-background-overlay\"><\/div>\n\t\t\t\t\t\t\t<div class=\"elementor-container elementor-column-gap-no\">\n\t\t\t\t\t<div class=\"elementor-column elementor-col-100 elementor-top-column elementor-element elementor-element-66d21c7\" data-id=\"66d21c7\" data-element_type=\"column\">\n\t\t\t<div class=\"elementor-widget-wrap elementor-element-populated\">\n\t\t\t\t\t\t<div class=\"elementor-element elementor-element-ac954e3 elementor-invisible elementor-widget elementor-widget-heading\" data-id=\"ac954e3\" data-element_type=\"widget\" data-settings=\"{&quot;_animation&quot;:&quot;fadeIn&quot;,&quot;_animation_delay&quot;:100}\" data-widget_type=\"heading.default\">\n\t\t\t\t<div class=\"elementor-widget-container\">\n\t\t\t<h2 class=\"elementor-heading-title elementor-size-default\">EL PRECIO DE VENTA<\/h2>\t\t<\/div>\n\t\t\t\t<\/div>\n\t\t\t\t<div class=\"elementor-element elementor-element-8ca7f69 elementor-invisible elementor-widget elementor-widget-heading\" data-id=\"8ca7f69\" data-element_type=\"widget\" data-settings=\"{&quot;_animation&quot;:&quot;fadeIn&quot;,&quot;_animation_delay&quot;:100}\" data-widget_type=\"heading.default\">\n\t\t\t\t<div class=\"elementor-widget-container\">\n\t\t\t<h2 class=\"elementor-heading-title elementor-size-default\">DE UN INMUEBLE EN MALLORCA<\/h2>\t\t<\/div>\n\t\t\t\t<\/div>\n\t\t\t\t<div class=\"elementor-element elementor-element-bf953d5 elementor-invisible elementor-widget elementor-widget-image\" data-id=\"bf953d5\" data-element_type=\"widget\" data-settings=\"{&quot;_animation&quot;:&quot;fadeIn&quot;,&quot;_animation_delay&quot;:200}\" data-widget_type=\"image.default\">\n\t\t\t\t<div class=\"elementor-widget-container\">\n\t\t\t\t\t\t\t\t\t\t\t\t\t<img decoding=\"async\" width=\"500\" height=\"52\" src=\"https:\/\/immobilien.one\/wp-content\/uploads\/2018\/10\/Zeichenfl\u00e4che-1_1-500px.png\" class=\"attachment-full size-full wp-image-42885\" alt=\"Immobilien.one - Propiedades en venta en Mallorca, Propiedades en venta en Mallorca, Casa en venta en Mallorca, Comprar apartamento, Casa en venta, Apartamento en venta, Venta de terrenos, Venta de terrenos, Propiedades en venta Espa\u00f1a, L\u00ednea Gris\" srcset=\"https:\/\/immobilien.one\/wp-content\/uploads\/2018\/10\/Zeichenfl\u00e4che-1_1-500px.png 500w, https:\/\/immobilien.one\/wp-content\/uploads\/2018\/10\/Zeichenfl\u00e4che-1_1-500px-300x31.png 300w\" sizes=\"(max-width: 500px) 100vw, 500px\" \/>\t\t\t\t\t\t\t\t\t\t\t\t\t<\/div>\n\t\t\t\t<\/div>\n\t\t\t\t<section class=\"elementor-section elementor-inner-section elementor-element elementor-element-640db16 elementor-section-boxed elementor-section-height-default elementor-section-height-default\" data-id=\"640db16\" data-element_type=\"section\">\n\t\t\t\t\t\t<div class=\"elementor-container elementor-column-gap-default\">\n\t\t\t\t\t<div class=\"elementor-column elementor-col-100 elementor-inner-column elementor-element elementor-element-f25abc5\" data-id=\"f25abc5\" data-element_type=\"column\" data-settings=\"{&quot;background_background&quot;:&quot;classic&quot;}\">\n\t\t\t<div class=\"elementor-widget-wrap elementor-element-populated\">\n\t\t\t\t\t\t<div class=\"elementor-element elementor-element-b4ce220 elementor-invisible elementor-widget elementor-widget-text-editor\" data-id=\"b4ce220\" data-element_type=\"widget\" data-settings=\"{&quot;_animation&quot;:&quot;fadeIn&quot;,&quot;_animation_delay&quot;:300}\" data-widget_type=\"text-editor.default\">\n\t\t\t\t<div class=\"elementor-widget-container\">\n\t\t\t\t\t\t\t<p>Un amigo que vive en Mallorca desde hace 36 a\u00f1os, que dirige un excelente y exitoso restaurante de playa en el noreste de la isla, coment\u00f3 recientemente: \u00abCuando vine aqu\u00ed hace 36 a\u00f1os, deber\u00eda haber invertido en inmuebles. Las parcelas en primera l\u00ednea del mar que costaban en aquella \u00e9poca el equivalente a \u20ac 60.000, se est\u00e1n vendiendo hoy por \u20ac 1.200.000, -.\u00bb Su declaraci\u00f3n es cierta, porque Mallorca no crece m\u00e1s, pero a\u00f1o tras a\u00f1o se vuelve m\u00e1s y m\u00e1s atractiva.<\/p>\n<p>Este ejemplo pretende mostrarle que debe ser recompensado financieramente por su inversi\u00f3n inicial. Sin embargo, un precio justo de venta sigue siendo el argumento m\u00e1s convincente para la parte interesada en el momento de la compra. Las propiedades con una mala relaci\u00f3n precio &#8211; rendimiento est\u00e1n en todos los portales de ventas durante muchos a\u00f1os y no encuentran un nuevo propietario. \u00a1Los precios excesivos no se justifican y no encuentran comprador!<\/p>\n<p>El <strong>c\u00e1lculo del precio de venta<\/strong> debe dise\u00f1arse de tal manera que todas las partes involucradas se sientan bien con la decisi\u00f3n de la compraventa. No debe haber persona desfavorecida.<\/p>\n<p>La antigua sabidur\u00eda de que <strong>la demanda determina el precio<\/strong> solo es v\u00e1lida hasta que el precio se considera exagerado, es decir, no justo. La prueba radica en el hecho de que los portales comunes est\u00e1n llenos de dichos inmuebles. Si ha usado dichos portales como ejemplos comparativos de su precio de venta, probablemente se habr\u00e1 dado cuenta de que puede encontrar una misma casa en casi todos los portales inmobiliarios. A veces a precios diferentes, pero siempre por encima del l\u00edmite. Tambi\u00e9n encontrar\u00e1 estas mismas propiedades dentro de 3 o 4 a\u00f1os. Simplemente no son vendibles.<\/p>\n<p>Un ejemplo (tal como ha ocurrido): En el a\u00f1o 1980, dos amigos de la universidad compran una propiedad en primera l\u00ednea del mar por un precio de \u20ac 85,000. Despu\u00e9s construyen una casa con 8 dormitorios, 6 ba\u00f1os y otras habitaciones, terrazas cubiertas y descubiertas. En las rocas, junto al acceso directo al mar, se integra una piscina. Esta piscina se llena solo con el agua del mar. La vista sobre el mar, los barcos que pasan, una monta\u00f1a, una reserva natural, as\u00ed como las luces de una ciudad por la noche, permite la conclusi\u00f3n de estar en el para\u00edso. Recientemente, los amigos deciden vender la propiedad. Su precio de venta elegido es de \u20ac 3.500.000, -. Tardaron exactamente 20 minutos en la primera visita con el primer cliente y la casa se vendi\u00f3 sin ninguna negociaci\u00f3n. Los compradores y los vendedores estaban extremadamente satisfechos con el trato. La satisfacci\u00f3n despu\u00e9s de la decisi\u00f3n de ambas partes es lo que permite un negocio exitoso.<\/p>\n<p>Trate de encontrar un precio que no le ponga en desventaja, y\u00a0 que sea satisfactorio para usted, pero tambi\u00e9n para el comprador. \u00a1Le ayudamos!<\/p>\n<p><strong>La satisfacci\u00f3n y la equidad<\/strong> son los ingredientes para las <strong>buenas compraventas<\/strong>.<\/p>\n\t\t\t\t\t\t<\/div>\n\t\t\t\t<\/div>\n\t\t\t\t\t<\/div>\n\t\t<\/div>\n\t\t\t\t\t<\/div>\n\t\t<\/section>\n\t\t\t\t\t<\/div>\n\t\t<\/div>\n\t\t\t\t\t<\/div>\n\t\t<\/section>\n\t\t\t\t<section class=\"elementor-section elementor-top-section elementor-element elementor-element-a6ff174 elementor-section-content-middle elementor-section-stretched elementor-section-boxed elementor-section-height-default elementor-section-height-default\" data-id=\"a6ff174\" data-element_type=\"section\" data-settings=\"{&quot;stretch_section&quot;:&quot;section-stretched&quot;,&quot;background_background&quot;:&quot;classic&quot;}\">\n\t\t\t\t\t\t\t<div class=\"elementor-background-overlay\"><\/div>\n\t\t\t\t\t\t\t<div class=\"elementor-container elementor-column-gap-no\">\n\t\t\t\t\t<div class=\"elementor-column elementor-col-100 elementor-top-column elementor-element elementor-element-358f73e tree-boxes\" data-id=\"358f73e\" data-element_type=\"column\" data-settings=\"{&quot;background_background&quot;:&quot;classic&quot;}\">\n\t\t\t<div class=\"elementor-widget-wrap elementor-element-populated\">\n\t\t\t\t\t\t<section class=\"elementor-section elementor-inner-section elementor-element elementor-element-d2ff1ed elementor-section-boxed elementor-section-height-default elementor-section-height-default\" data-id=\"d2ff1ed\" data-element_type=\"section\">\n\t\t\t\t\t\t<div class=\"elementor-container elementor-column-gap-default\">\n\t\t\t\t\t<div class=\"elementor-column elementor-col-50 elementor-inner-column elementor-element elementor-element-94edc72\" data-id=\"94edc72\" data-element_type=\"column\">\n\t\t\t<div class=\"elementor-widget-wrap elementor-element-populated\">\n\t\t\t\t\t\t<div class=\"elementor-element elementor-element-855f1ab elementor-flip-box--effect-fade elementor-widget elementor-widget-flip-box\" data-id=\"855f1ab\" data-element_type=\"widget\" data-widget_type=\"flip-box.default\">\n\t\t\t\t<div class=\"elementor-widget-container\">\n\t\t\t\t\t<div class=\"elementor-flip-box\" tabindex=\"0\">\n\t\t\t<div class=\"elementor-flip-box__layer elementor-flip-box__front\">\n\t\t\t\t<div class=\"elementor-flip-box__layer__overlay\">\n\t\t\t\t\t<div class=\"elementor-flip-box__layer__inner\">\n\t\t\t\t\t\t\t\t\t\t\t\t\t<div class=\"elementor-icon-wrapper elementor-view-framed elementor-shape-circle\">\n\t\t\t\t\t\t\t\t<div class=\"elementor-icon\">\n\t\t\t\t\t\t\t\t\t\t\t\t\t\t\t\t\t\t\t<i class=\"fa fa-check\"><\/i>\n\t\t\t\t\t\t\t\t\t\t\t\t\t\t\t\t\t<\/div>\n\t\t\t\t\t\t\t<\/div>\n\t\t\t\t\t\t\n\t\t\t\t\t\t\t\t\t\t\t\t\t<h3 class=\"elementor-flip-box__layer__title\">\n\t\t\t\t\t\t\t\tCONDICI\u00d3NES PREVIAS\u2026\t\t\t\t\t\t\t<\/h3>\n\t\t\t\t\t\t\n\t\t\t\t\t\t\t\t\t\t\t<\/div>\n\t\t\t\t<\/div>\n\t\t\t<\/div>\n\t\t\t<div class=\"elementor-flip-box__layer elementor-flip-box__back\">\n\t\t\t<div class=\"elementor-flip-box__layer__overlay\">\n\t\t\t\t<div class=\"elementor-flip-box__layer__inner\">\n\t\t\t\t\t\t\t\t\t\t\t<h3 class=\"elementor-flip-box__layer__title\">\n\t\t\t\t\t\t\tREQUISITOS PARA LA VENTA DE UN INMUEBLE\t\t\t\t\t\t<\/h3>\n\t\t\t\t\t\n\t\t\t\t\t\t\t\t\t\t\t<div class=\"elementor-flip-box__layer__description\">\n\t\t\t\t\t\t\tAgradecemos su visita a nuestra web y la confianza depositada en nosotros. Entendemos que  est\u00e1 pensando en la venta de su propiedad y para ello, ponemos en marcha todas las palancas  para encontrar, en el periodo de tiempo m\u00e1s breve posible, un comprador para la propiedad que usted est\u00e1 ofreciendo.\t\t\t\t\t\t<\/div>\n\t\t\t\t\t\n\t\t\t\t\t\t\t\t\t\t\t<a class=\"elementor-flip-box__button elementor-button elementor-size-sm\" href=\"https:\/\/immobilien.one\/es\/requisitos-venta\/\">\n\t\t\t\t\t\t\tM\u00c1S INFORMACI\u00d3N \t\t\t\t\t\t<\/a>\n\t\t\t\t\t\t\t\t<\/div>\n\t\t<\/div>\n\t\t<\/div>\n\t\t<\/div>\n\t\t\t\t<\/div>\n\t\t\t\t<\/div>\n\t\t\t\t\t<\/div>\n\t\t<\/div>\n\t\t\t\t<div class=\"elementor-column elementor-col-50 elementor-inner-column elementor-element elementor-element-ff012ae\" data-id=\"ff012ae\" data-element_type=\"column\">\n\t\t\t<div class=\"elementor-widget-wrap elementor-element-populated\">\n\t\t\t\t\t\t<div class=\"elementor-element elementor-element-32d16afd elementor-flip-box--effect-fade elementor-widget elementor-widget-flip-box\" data-id=\"32d16afd\" data-element_type=\"widget\" data-widget_type=\"flip-box.default\">\n\t\t\t\t<div class=\"elementor-widget-container\">\n\t\t\t\t\t<div class=\"elementor-flip-box\" tabindex=\"0\">\n\t\t\t<div class=\"elementor-flip-box__layer elementor-flip-box__front\">\n\t\t\t\t<div class=\"elementor-flip-box__layer__overlay\">\n\t\t\t\t\t<div class=\"elementor-flip-box__layer__inner\">\n\t\t\t\t\t\t\t\t\t\t\t\t\t<div class=\"elementor-icon-wrapper elementor-view-framed elementor-shape-circle\">\n\t\t\t\t\t\t\t\t<div class=\"elementor-icon\">\n\t\t\t\t\t\t\t\t\t\t\t\t\t\t\t\t\t\t\t<i class=\"fa fa-map-marker\"><\/i>\n\t\t\t\t\t\t\t\t\t\t\t\t\t\t\t\t\t<\/div>\n\t\t\t\t\t\t\t<\/div>\n\t\t\t\t\t\t\n\t\t\t\t\t\t\t\t\t\t\t\t\t<h3 class=\"elementor-flip-box__layer__title\">\n\t\t\t\t\t\t\t\tUBICACI\u00d3N Y ESTILO, EL D\u00d3NDE Y EL QUE\u2026\t\t\t\t\t\t\t<\/h3>\n\t\t\t\t\t\t\n\t\t\t\t\t\t\t\t\t\t\t<\/div>\n\t\t\t\t<\/div>\n\t\t\t<\/div>\n\t\t\t<div class=\"elementor-flip-box__layer elementor-flip-box__back\">\n\t\t\t<div class=\"elementor-flip-box__layer__overlay\">\n\t\t\t\t<div class=\"elementor-flip-box__layer__inner\">\n\t\t\t\t\t\t\t\t\t\t\t<h3 class=\"elementor-flip-box__layer__title\">\n\t\t\t\t\t\t\tUBICACI\u00d3N Y ESTILO, EL D\u00d3NDE Y EL QUE\t\t\t\t\t\t<\/h3>\n\t\t\t\t\t\n\t\t\t\t\t\t\t\t\t\t\t<div class=\"elementor-flip-box__layer__description\">\n\t\t\t\t\t\t\t\u00a1Ya puede empezar! Para registrar su propiedad a la venta haga clic aqu\u00ed. Por favor sea lo m\u00e1s diligente posible al responder las preguntas. En breve le encontraremos un comprador. Le deseamos que disfrute con la configuraci\u00f3n.\t\t\t\t\t\t<\/div>\n\t\t\t\t\t\n\t\t\t\t\t\t\t\t\t\t\t<a class=\"elementor-flip-box__button elementor-button elementor-size-sm\" href=\"https:\/\/immobilien.one\/es\/configurador-venta\/\">\n\t\t\t\t\t\t\tCONFIGURADOR\t\t\t\t\t\t<\/a>\n\t\t\t\t\t\t\t\t<\/div>\n\t\t<\/div>\n\t\t<\/div>\n\t\t<\/div>\n\t\t\t\t<\/div>\n\t\t\t\t<\/div>\n\t\t\t\t\t<\/div>\n\t\t<\/div>\n\t\t\t\t\t<\/div>\n\t\t<\/section>\n\t\t\t\t\t<\/div>\n\t\t<\/div>\n\t\t\t\t\t<\/div>\n\t\t<\/section>\n\t\t\t\t<\/div>\n\t\t","protected":false},"excerpt":{"rendered":"<p>EL PRECIO DE VENTA, TODO UN JUEGO DE N\u00daMEROS&#8230; EL PRECIO DE VENTA, TODO UN JUEGO DE N\u00daMEROS EL PRECIO DE VENTA DE UN INMUEBLE EN MALLORCA Un amigo que vive en Mallorca desde hace 36 a\u00f1os, que dirige un excelente y exitoso restaurante de playa en el noreste de la isla, coment\u00f3 recientemente: \u00abCuando &#8230; <a title=\"EL PRECIO DE VENTA, TODO UN JUEGO DE N\u00daMEROS\" class=\"read-more\" href=\"https:\/\/immobilien.one\/es\/el-precio-de-venta-un-pensamiento-matamatico-matematico\/\" aria-label=\"Leer m\u00e1s sobre EL PRECIO DE VENTA, TODO UN JUEGO DE N\u00daMEROS\">Leer m\u00e1s<\/a><\/p>\n","protected":false},"author":4,"featured_media":0,"parent":0,"menu_order":0,"comment_status":"closed","ping_status":"closed","template":"","meta":{"_monsterinsights_skip_tracking":false,"_monsterinsights_sitenote_active":false,"_monsterinsights_sitenote_note":"","_monsterinsights_sitenote_category":0,"generate_page_header":"","footnotes":""},"class_list":["post-43311","page","type-page","status-publish"],"_links":{"self":[{"href":"https:\/\/immobilien.one\/es\/wp-json\/wp\/v2\/pages\/43311","targetHints":{"allow":["GET"]}}],"collection":[{"href":"https:\/\/immobilien.one\/es\/wp-json\/wp\/v2\/pages"}],"about":[{"href":"https:\/\/immobilien.one\/es\/wp-json\/wp\/v2\/types\/page"}],"author":[{"embeddable":true,"href":"https:\/\/immobilien.one\/es\/wp-json\/wp\/v2\/users\/4"}],"replies":[{"embeddable":true,"href":"https:\/\/immobilien.one\/es\/wp-json\/wp\/v2\/comments?post=43311"}],"version-history":[{"count":13,"href":"https:\/\/immobilien.one\/es\/wp-json\/wp\/v2\/pages\/43311\/revisions"}],"predecessor-version":[{"id":43512,"href":"https:\/\/immobilien.one\/es\/wp-json\/wp\/v2\/pages\/43311\/revisions\/43512"}],"wp:attachment":[{"href":"https:\/\/immobilien.one\/es\/wp-json\/wp\/v2\/media?parent=43311"}],"curies":[{"name":"wp","href":"https:\/\/api.w.org\/{rel}","templated":true}]}}