{"id":43185,"date":"2018-12-11T08:05:13","date_gmt":"2018-12-11T08:05:13","guid":{"rendered":"https:\/\/immobilien.one\/gracias-venta\/"},"modified":"2018-12-12T13:35:10","modified_gmt":"2018-12-12T13:35:10","slug":"gracias-venta","status":"publish","type":"page","link":"https:\/\/immobilien.one\/es\/gracias-venta\/","title":{"rendered":"Gracias venta"},"content":{"rendered":"\t\t<div data-elementor-type=\"wp-post\" data-elementor-id=\"43185\" class=\"elementor elementor-43185 elementor-42006 elementor-bc-flex-widget\" data-elementor-post-type=\"page\">\n\t\t\t\t\t\t<section class=\"elementor-section elementor-top-section elementor-element elementor-element-c8b424d elementor-section-content-middle elementor-section-stretched elementor-section-boxed elementor-section-height-default elementor-section-height-default\" data-id=\"c8b424d\" data-element_type=\"section\" data-settings=\"{&quot;stretch_section&quot;:&quot;section-stretched&quot;,&quot;background_background&quot;:&quot;classic&quot;}\">\n\t\t\t\t\t\t\t<div class=\"elementor-background-overlay\"><\/div>\n\t\t\t\t\t\t\t<div class=\"elementor-container elementor-column-gap-no\">\n\t\t\t\t\t<div class=\"elementor-column elementor-col-100 elementor-top-column elementor-element elementor-element-0aae93e tree-boxes\" data-id=\"0aae93e\" data-element_type=\"column\" data-settings=\"{&quot;background_background&quot;:&quot;classic&quot;}\">\n\t\t\t<div class=\"elementor-widget-wrap elementor-element-populated\">\n\t\t\t\t\t\t<div class=\"elementor-element elementor-element-ebc0573 uppercase elementor-widget elementor-widget-heading\" data-id=\"ebc0573\" data-element_type=\"widget\" data-widget_type=\"heading.default\">\n\t\t\t\t<div class=\"elementor-widget-container\">\n\t\t\t<h1 class=\"elementor-heading-title elementor-size-default\">MUCHAS GRACIAS<\/h1>\t\t<\/div>\n\t\t\t\t<\/div>\n\t\t\t\t<div class=\"elementor-element elementor-element-b70dc82 uppercase elementor-widget elementor-widget-heading\" data-id=\"b70dc82\" data-element_type=\"widget\" data-widget_type=\"heading.default\">\n\t\t\t\t<div class=\"elementor-widget-container\">\n\t\t\t<h3 class=\"elementor-heading-title elementor-size-default\">POR SU ORDEN DE VENTA<\/h3>\t\t<\/div>\n\t\t\t\t<\/div>\n\t\t\t\t<div class=\"elementor-element elementor-element-b10fcf5 elementor-widget-divider--view-line elementor-widget elementor-widget-divider\" data-id=\"b10fcf5\" data-element_type=\"widget\" data-widget_type=\"divider.default\">\n\t\t\t\t<div class=\"elementor-widget-container\">\n\t\t\t\t\t<div class=\"elementor-divider\">\n\t\t\t<span class=\"elementor-divider-separator\">\n\t\t\t\t\t\t<\/span>\n\t\t<\/div>\n\t\t\t\t<\/div>\n\t\t\t\t<\/div>\n\t\t\t\t\t<\/div>\n\t\t<\/div>\n\t\t\t\t\t<\/div>\n\t\t<\/section>\n\t\t\t\t<section class=\"elementor-section elementor-top-section elementor-element elementor-element-5d840f1 elementor-section-content-middle elementor-section-stretched elementor-section-boxed elementor-section-height-default elementor-section-height-default\" data-id=\"5d840f1\" data-element_type=\"section\" data-settings=\"{&quot;stretch_section&quot;:&quot;section-stretched&quot;,&quot;background_background&quot;:&quot;classic&quot;}\">\n\t\t\t\t\t\t\t<div class=\"elementor-background-overlay\"><\/div>\n\t\t\t\t\t\t\t<div class=\"elementor-container elementor-column-gap-no\">\n\t\t\t\t\t<div class=\"elementor-column elementor-col-100 elementor-top-column elementor-element elementor-element-6207fe6\" data-id=\"6207fe6\" data-element_type=\"column\">\n\t\t\t<div class=\"elementor-widget-wrap elementor-element-populated\">\n\t\t\t\t\t\t<div class=\"elementor-element elementor-element-b9fc0e4 elementor-invisible elementor-widget elementor-widget-image\" data-id=\"b9fc0e4\" data-element_type=\"widget\" data-settings=\"{&quot;_animation&quot;:&quot;fadeIn&quot;,&quot;_animation_delay&quot;:200}\" data-widget_type=\"image.default\">\n\t\t\t\t<div class=\"elementor-widget-container\">\n\t\t\t\t\t\t\t\t\t\t\t\t\t<img decoding=\"async\" width=\"500\" height=\"52\" src=\"https:\/\/immobilien.one\/wp-content\/uploads\/2018\/10\/Zeichenfl\u00e4che-1_1-500px.png\" class=\"attachment-full size-full wp-image-42885\" alt=\"Immobilien.one - Propiedades en venta en Mallorca, Propiedades en venta en Mallorca, Casa en venta en Mallorca, Comprar apartamento, Casa en venta, Apartamento en venta, Venta de terrenos, Venta de terrenos, Propiedades en venta Espa\u00f1a, L\u00ednea Gris\" srcset=\"https:\/\/immobilien.one\/wp-content\/uploads\/2018\/10\/Zeichenfl\u00e4che-1_1-500px.png 500w, https:\/\/immobilien.one\/wp-content\/uploads\/2018\/10\/Zeichenfl\u00e4che-1_1-500px-300x31.png 300w\" sizes=\"(max-width: 500px) 100vw, 500px\" \/>\t\t\t\t\t\t\t\t\t\t\t\t\t<\/div>\n\t\t\t\t<\/div>\n\t\t\t\t<section class=\"elementor-section elementor-inner-section elementor-element elementor-element-a932093 elementor-section-boxed elementor-section-height-default elementor-section-height-default\" data-id=\"a932093\" data-element_type=\"section\">\n\t\t\t\t\t\t<div class=\"elementor-container elementor-column-gap-default\">\n\t\t\t\t\t<div class=\"elementor-column elementor-col-100 elementor-inner-column elementor-element elementor-element-9222fdc\" data-id=\"9222fdc\" data-element_type=\"column\" data-settings=\"{&quot;background_background&quot;:&quot;classic&quot;}\">\n\t\t\t<div class=\"elementor-widget-wrap elementor-element-populated\">\n\t\t\t\t\t\t<div class=\"elementor-element elementor-element-4dc18d1 elementor-invisible elementor-widget elementor-widget-text-editor\" data-id=\"4dc18d1\" data-element_type=\"widget\" data-settings=\"{&quot;_animation&quot;:&quot;fadeIn&quot;,&quot;_animation_delay&quot;:300}\" data-widget_type=\"text-editor.default\">\n\t\t\t\t<div class=\"elementor-widget-container\">\n\t\t\t\t\t\t\t<p>Estimada Se\u00f1ora, estimado Se\u00f1or,<br \/>\nconfirmamos la recepci\u00f3n de su solicitud y le damos las gracias por su orden de venta.<\/p>\n<p>Su solicitud est\u00e1 ahora dentro de nuestra caja fuerte de inmuebles y se comparar\u00e1 con todas las ordenes de b\u00fasqueda. Pronto le informaremos de los \u00e9xitos. Recibir\u00e1 la lista de sus criterios del inmueble por correo electr\u00f3nico.<br \/>\nLe deseamos buenos momentos y le agradecemos su confianza.<\/p>\n<p>Su equipo de immobilien.one<\/p>\n\t\t\t\t\t\t<\/div>\n\t\t\t\t<\/div>\n\t\t\t\t\t<\/div>\n\t\t<\/div>\n\t\t\t\t\t<\/div>\n\t\t<\/section>\n\t\t\t\t\t<\/div>\n\t\t<\/div>\n\t\t\t\t\t<\/div>\n\t\t<\/section>\n\t\t\t\t<section class=\"elementor-section elementor-top-section elementor-element elementor-element-ebc8e10 elementor-section-content-middle elementor-section-stretched elementor-section-boxed elementor-section-height-default elementor-section-height-default\" data-id=\"ebc8e10\" data-element_type=\"section\" data-settings=\"{&quot;stretch_section&quot;:&quot;section-stretched&quot;,&quot;background_background&quot;:&quot;classic&quot;}\">\n\t\t\t\t\t\t\t<div class=\"elementor-background-overlay\"><\/div>\n\t\t\t\t\t\t\t<div class=\"elementor-container elementor-column-gap-no\">\n\t\t\t\t\t<div class=\"elementor-column elementor-col-100 elementor-top-column elementor-element elementor-element-2632c90\" data-id=\"2632c90\" data-element_type=\"column\">\n\t\t\t<div class=\"elementor-widget-wrap\">\n\t\t\t\t\t\t\t<\/div>\n\t\t<\/div>\n\t\t\t\t\t<\/div>\n\t\t<\/section>\n\t\t\t\t<\/div>\n\t\t","protected":false},"excerpt":{"rendered":"<p>MUCHAS GRACIAS POR SU ORDEN DE VENTA Estimada Se\u00f1ora, estimado Se\u00f1or, confirmamos la recepci\u00f3n de su solicitud y le damos las gracias por su orden de venta. Su solicitud est\u00e1 ahora dentro de nuestra caja fuerte de inmuebles y se comparar\u00e1 con todas las ordenes de b\u00fasqueda. Pronto le informaremos de los \u00e9xitos. Recibir\u00e1 la &#8230; <a title=\"Gracias venta\" class=\"read-more\" href=\"https:\/\/immobilien.one\/es\/gracias-venta\/\" aria-label=\"Leer m\u00e1s sobre Gracias venta\">Leer m\u00e1s<\/a><\/p>\n","protected":false},"author":4,"featured_media":0,"parent":0,"menu_order":0,"comment_status":"closed","ping_status":"closed","template":"","meta":{"_monsterinsights_skip_tracking":false,"_monsterinsights_sitenote_active":false,"_monsterinsights_sitenote_note":"","_monsterinsights_sitenote_category":0,"generate_page_header":"","footnotes":""},"class_list":["post-43185","page","type-page","status-publish"],"_links":{"self":[{"href":"https:\/\/immobilien.one\/es\/wp-json\/wp\/v2\/pages\/43185","targetHints":{"allow":["GET"]}}],"collection":[{"href":"https:\/\/immobilien.one\/es\/wp-json\/wp\/v2\/pages"}],"about":[{"href":"https:\/\/immobilien.one\/es\/wp-json\/wp\/v2\/types\/page"}],"author":[{"embeddable":true,"href":"https:\/\/immobilien.one\/es\/wp-json\/wp\/v2\/users\/4"}],"replies":[{"embeddable":true,"href":"https:\/\/immobilien.one\/es\/wp-json\/wp\/v2\/comments?post=43185"}],"version-history":[{"count":8,"href":"https:\/\/immobilien.one\/es\/wp-json\/wp\/v2\/pages\/43185\/revisions"}],"predecessor-version":[{"id":43325,"href":"https:\/\/immobilien.one\/es\/wp-json\/wp\/v2\/pages\/43185\/revisions\/43325"}],"wp:attachment":[{"href":"https:\/\/immobilien.one\/es\/wp-json\/wp\/v2\/media?parent=43185"}],"curies":[{"name":"wp","href":"https:\/\/api.w.org\/{rel}","templated":true}]}}