{"id":43183,"date":"2018-12-10T14:49:06","date_gmt":"2018-12-10T14:49:06","guid":{"rendered":"https:\/\/immobilien.one\/configurador-compra\/"},"modified":"2019-06-27T12:05:59","modified_gmt":"2019-06-27T12:05:59","slug":"configurador-compra","status":"publish","type":"page","link":"https:\/\/immobilien.one\/es\/configurador-compra\/","title":{"rendered":"Configurador &#8211; Compra"},"content":{"rendered":"\t\t<div data-elementor-type=\"wp-post\" data-elementor-id=\"43183\" class=\"elementor elementor-43183 elementor-41351 elementor-bc-flex-widget\" data-elementor-post-type=\"page\">\n\t\t\t\t\t\t<section class=\"elementor-section elementor-top-section elementor-element elementor-element-4149081 elementor-section-content-middle elementor-section-stretched elementor-section-boxed elementor-section-height-default elementor-section-height-default\" data-id=\"4149081\" data-element_type=\"section\" data-settings=\"{&quot;stretch_section&quot;:&quot;section-stretched&quot;,&quot;background_background&quot;:&quot;classic&quot;}\">\n\t\t\t\t\t\t\t<div class=\"elementor-background-overlay\"><\/div>\n\t\t\t\t\t\t\t<div class=\"elementor-container elementor-column-gap-no\">\n\t\t\t\t\t<div class=\"elementor-column elementor-col-100 elementor-top-column elementor-element elementor-element-8a26511 tree-boxes\" data-id=\"8a26511\" data-element_type=\"column\" data-settings=\"{&quot;background_background&quot;:&quot;classic&quot;}\">\n\t\t\t<div class=\"elementor-widget-wrap elementor-element-populated\">\n\t\t\t\t\t\t<section class=\"elementor-section elementor-inner-section elementor-element elementor-element-ca2e26d elementor-section-boxed elementor-section-height-default elementor-section-height-default\" data-id=\"ca2e26d\" data-element_type=\"section\" data-settings=\"{&quot;background_background&quot;:&quot;classic&quot;}\">\n\t\t\t\t\t\t<div class=\"elementor-container elementor-column-gap-default\">\n\t\t\t\t\t<div class=\"elementor-column elementor-col-100 elementor-inner-column elementor-element elementor-element-cd57f0f\" data-id=\"cd57f0f\" data-element_type=\"column\" data-settings=\"{&quot;background_background&quot;:&quot;classic&quot;}\">\n\t\t\t<div class=\"elementor-widget-wrap elementor-element-populated\">\n\t\t\t\t\t\t<div class=\"elementor-element elementor-element-0bfa90e kaufkonfigurator elementor-widget elementor-widget-text-editor\" data-id=\"0bfa90e\" data-element_type=\"widget\" data-widget_type=\"text-editor.default\">\n\t\t\t\t<div class=\"elementor-widget-container\">\n\t\t\t\t\t\t\t<p><div class=\"frm_forms  with_frm_style frm_style_formidable-style\" id=\"frm_form_41_container\" >\n<form enctype=\"multipart\/form-data\" method=\"post\" class=\"frm-show-form  frm_ajax_submit  frm_pro_form \" id=\"form_e4wwn3\" >\n<div class=\"frm_form_fields  frm_page_num_1\">\n<fieldset>\n<legend class=\"frm_screen_reader\">Kauf spanisch<\/legend>\r\n\r\n\r\n\r\n\r\n<div class=\"form-header\">\r\n<div class=\"inside-center\"><div class=\"circle\"><\/div><div class=\"conf-title confDE\">Configurador<h3>\u00a1Comprar la propiedad perfecta!<\/div><div class=\"conf-title confES\">Configurador<h3>\u00a1Comprar la propiedad perfecta!<\/div><\/div>\r\n\r\n<\/div>\r\n<div class=\"form-inner-padding\"><div class=\"frm_fields_container\">\n<div class=\"frm_rootline_group\" role=\"group\" tabindex=\"0\" aria-label=\"P\u00e1gina 1 de 23\" ><ul class=\"frm_page_bar frm_rootline_23 frm_progress frm_progress_line frm_no_numbers frm_show_lines \"><li class=\"frm_rootline_single frm_current_page\"><input type=\"button\" value=\"1\" data-page=\"\" class=\" frm_page_1\" aria-disabled=\"true\" data-field=\"0\" aria-label=\"Seite 1\"  \/><\/li><li class=\"frm_rootline_single\"><input type=\"button\" value=\"2\" data-page=\"1\" class=\"frm_page_skip frm_page_2\" data-field=\"1951\" aria-label=\"Weiter\"  \/><\/li><li class=\"frm_rootline_single\"><input type=\"button\" value=\"3\" data-page=\"3\" class=\"frm_page_skip frm_page_3\" data-field=\"1953\" aria-label=\"Weiter\"  \/><\/li><li class=\"frm_rootline_single\"><input type=\"button\" value=\"4\" data-page=\"11\" class=\"frm_page_skip frm_page_4\" data-field=\"1961\" aria-label=\"Weiter\"  \/><\/li><li class=\"frm_rootline_single\"><input type=\"button\" value=\"5\" data-page=\"13\" class=\"frm_page_skip frm_page_5\" data-field=\"1963\" aria-label=\"Weiter\"  \/><\/li><li class=\"frm_rootline_single\"><input type=\"button\" value=\"6\" data-page=\"19\" class=\"frm_page_skip frm_page_6\" data-field=\"1969\" aria-label=\"Weiter\"  \/><\/li><li class=\"frm_rootline_single\"><input type=\"button\" value=\"7\" data-page=\"37\" class=\"frm_page_skip frm_page_7\" data-field=\"1987\" aria-label=\"Weiter\"  \/><\/li><li class=\"frm_rootline_single\"><input type=\"button\" value=\"8\" data-page=\"39\" class=\"frm_page_skip frm_page_8\" data-field=\"1989\" aria-label=\"Weiter\"  \/><\/li><li class=\"frm_rootline_single\"><input type=\"button\" value=\"9\" data-page=\"41\" class=\"frm_page_skip frm_page_9\" data-field=\"1991\" aria-label=\"Weiter\"  \/><\/li><li class=\"frm_rootline_single\"><input type=\"button\" value=\"10\" data-page=\"45\" class=\"frm_page_skip frm_page_10\" data-field=\"1995\" aria-label=\"Weiter\"  \/><\/li><li class=\"frm_rootline_single\"><input type=\"button\" value=\"11\" data-page=\"51\" class=\"frm_page_skip frm_page_11\" data-field=\"2001\" aria-label=\"Weiter\"  \/><\/li><li class=\"frm_rootline_single\"><input type=\"button\" value=\"12\" data-page=\"67\" class=\"frm_page_skip frm_page_12\" data-field=\"2017\" aria-label=\"Weiter\"  \/><\/li><li class=\"frm_rootline_single\"><input type=\"button\" value=\"13\" data-page=\"69\" class=\"frm_page_skip frm_page_13\" data-field=\"2019\" aria-label=\"Weiter\"  \/><\/li><li class=\"frm_rootline_single\"><input type=\"button\" value=\"14\" data-page=\"71\" class=\"frm_page_skip frm_page_14\" data-field=\"2021\" aria-label=\"Weiter\"  \/><\/li><li class=\"frm_rootline_single\"><input type=\"button\" value=\"15\" data-page=\"73\" class=\"frm_page_skip frm_page_15\" data-field=\"2023\" aria-label=\"Weiter\"  \/><\/li><li class=\"frm_rootline_single\"><input type=\"button\" value=\"16\" data-page=\"75\" class=\"frm_page_skip frm_page_16\" data-field=\"2025\" aria-label=\"Weiter\"  \/><\/li><li class=\"frm_rootline_single\"><input type=\"button\" value=\"17\" data-page=\"77\" class=\"frm_page_skip frm_page_17\" data-field=\"2027\" aria-label=\"Weiter\"  \/><\/li><li class=\"frm_rootline_single\"><input type=\"button\" value=\"18\" data-page=\"79\" class=\"frm_page_skip frm_page_18\" data-field=\"2029\" aria-label=\"Weiter\"  \/><\/li><li class=\"frm_rootline_single\"><input type=\"button\" value=\"19\" data-page=\"81\" class=\"frm_page_skip frm_page_19\" data-field=\"2031\" aria-label=\"Weiter\"  \/><\/li><li class=\"frm_rootline_single\"><input type=\"button\" value=\"20\" data-page=\"83\" class=\"frm_page_skip frm_page_20\" data-field=\"2033\" aria-label=\"Weiter\"  \/><\/li><li class=\"frm_rootline_single\"><input type=\"button\" value=\"21\" data-page=\"85\" class=\"frm_page_skip frm_page_21\" data-field=\"2035\" aria-label=\"Weiter\"  \/><\/li><li class=\"frm_rootline_single\"><input type=\"button\" value=\"22\" data-page=\"89\" class=\"frm_page_skip frm_page_22\" data-field=\"2039\" aria-label=\"Weiter\"  \/><\/li><li class=\"frm_rootline_single\"><input type=\"button\" value=\"23\" data-page=\"91\" class=\"frm_page_skip frm_page_23\" data-field=\"2041\" aria-label=\"Weiter\"  \/><\/li><\/ul><div class=\"frm_clearfix\"><\/div><\/div><input type=\"hidden\" name=\"frm_action\" value=\"create\" \/>\n<input type=\"hidden\" name=\"form_id\" value=\"41\" \/>\n<input type=\"hidden\" name=\"frm_hide_fields_41\" id=\"frm_hide_fields_41\" value=\"\" \/>\n<input type=\"hidden\" name=\"form_key\" value=\"e4wwn3\" \/>\n<input type=\"hidden\" name=\"item_meta[0]\" value=\"\" \/>\n<input type=\"hidden\" id=\"frm_submit_entry_41\" name=\"frm_submit_entry_41\" value=\"bd42c9d81f\" \/><input type=\"hidden\" name=\"_wp_http_referer\" value=\"\/es\/wp-json\/wp\/v2\/pages\/43183\" \/><div id=\"frm_field_1950_container\" class=\"frm_form_field form-field  frm_top_container vertical_radio\">\r\n    <label for=\"field_hfv3r3\" class=\"frm_primary_label\">\u00bfQu\u00e9 prop\u00f3sito debe cumplir su propiedad?\r\n        <span class=\"frm_required\"><\/span>\r\n    <\/label>\r\n    \t\t<div class=\"frm_radio\" id=\"frm_radio_1950-1\">\t\t\t<label  for=\"field_hfv3r3-1\">\n\t\t\t\t\t<input type=\"radio\" name=\"item_meta[1950]\" id=\"field_hfv3r3-1\" value=\"Inversi\u00f3n de Capital\"\n\t\t   data-invmsg=\"\u00bfQu\u00e9 prop\u00f3sito debe cumplir su propiedad? no es v\u00e1lido\" aria-invalid=\"false\"  \/> Inversi\u00f3n de Capital<\/label><\/div>\n\t\t<div class=\"frm_radio\" id=\"frm_radio_1950-2\">\t\t\t<label  for=\"field_hfv3r3-2\">\n\t\t\t\t\t<input type=\"radio\" name=\"item_meta[1950]\" id=\"field_hfv3r3-2\" value=\"Propiedad Vacacional\"\n\t\t   data-invmsg=\"\u00bfQu\u00e9 prop\u00f3sito debe cumplir su propiedad? no es v\u00e1lido\" aria-invalid=\"false\"  \/> Propiedad Vacacional<\/label><\/div>\n\t\t<div class=\"frm_radio\" id=\"frm_radio_1950-3\">\t\t\t<label  for=\"field_hfv3r3-3\">\n\t\t\t\t\t<input type=\"radio\" name=\"item_meta[1950]\" id=\"field_hfv3r3-3\" value=\"Primera Residencia\"\n\t\t   data-invmsg=\"\u00bfQu\u00e9 prop\u00f3sito debe cumplir su propiedad? no es v\u00e1lido\" aria-invalid=\"false\"  \/> Primera Residencia<\/label><\/div>\n\r\n    \r\n    \r\n<\/div>\n<input type=\"hidden\" name=\"frm_page_order_41\" id=\"frm_page_order_41\" value=\"1\" \/><input type=\"hidden\" name=\"item_meta[1952]\" id=\"field_zbkac3\" value=\"525000\"  data-frmval=\"525000\"   \/>\n<input type=\"hidden\" name=\"item_meta[1953]\" id=\"field_xesth3\" value=\"\"     \/>\n<input type=\"hidden\" name=\"item_meta[1954]\" id=\"field_wgni63-0\" value=\"\"     \/>\n<input type=\"hidden\" name=\"item_meta[1955]\" id=\"field_mombb3\" value=\"\"     \/>\n<input type=\"hidden\" name=\"item_meta[1956]\" id=\"field_jpnhy3-0\" value=\"\"     \/>\n<input type=\"hidden\" name=\"item_meta[1957]\" id=\"field_4q8eu3\" value=\"\"     \/>\n<input type=\"hidden\" name=\"item_meta[1958]\" id=\"field_a3cg03-0\" value=\"\"     \/>\n<input type=\"hidden\" name=\"item_meta[1959]\" id=\"field_rkm033\" value=\"\"     \/>\n<input type=\"hidden\" name=\"item_meta[1960]\" id=\"field_agh2r3-0\" value=\"\"     \/>\n<input type=\"hidden\" name=\"item_meta[1961]\" id=\"field_rd8d63\" value=\"\"     \/>\n<input type=\"hidden\" name=\"item_meta[1962]\" id=\"field_2vggl3-0\" value=\"\"     \/>\n<input type=\"hidden\" name=\"item_meta[1963]\" id=\"field_kyod43\" value=\"\"     \/>\n<input type=\"hidden\" name=\"item_meta[1964]\" id=\"field_n62453\" value=\"0\"  data-frmval=\"0\"   \/>\n<input type=\"hidden\" name=\"item_meta[1965]\" id=\"field_sktcv3\" value=\"\"     \/>\n<input type=\"hidden\" name=\"item_meta[1966]\" id=\"field_qooya3\" value=\"1000\"  data-frmval=\"1000\"   \/>\n<input type=\"hidden\" name=\"item_meta[1967]\" id=\"field_mr66k3\" value=\"\"     \/>\n<input type=\"hidden\" name=\"item_meta[1968]\" id=\"field_dwejw3\" value=\"3\"  data-frmval=\"3\"   \/>\n<input type=\"hidden\" name=\"item_meta[1969]\" id=\"field_7ipgu3\" value=\"\"     \/>\n<input type=\"hidden\" name=\"item_meta[1970]\" id=\"field_zqzdz3-0\" value=\"\"     \/>\n<input type=\"hidden\" name=\"item_meta[1971]\" id=\"field_jhmwn3\" value=\"\"     \/>\n<input type=\"hidden\" name=\"item_meta[1972]\" id=\"field_olq963\" value=\"500\"  data-frmval=\"500\"   \/>\n<input type=\"hidden\" name=\"item_meta[1973]\" id=\"field_t3vup4\" value=\"\"     \/>\n<input type=\"hidden\" name=\"item_meta[1974]\" id=\"field_pey9d4\" value=\"500\"  data-frmval=\"500\"   \/>\n<input type=\"hidden\" name=\"item_meta[1975]\" id=\"field_u98lu3\" value=\"\"     \/>\n<input type=\"hidden\" name=\"item_meta[1976]\" id=\"field_q2az3\" value=\"7000\"  data-frmval=\"7000\"   \/>\n<input type=\"hidden\" name=\"item_meta[1977]\" id=\"field_2fc584\" value=\"\"     \/>\n<input type=\"hidden\" name=\"item_meta[1978]\" id=\"field_ofp9e4\" value=\"7000\"  data-frmval=\"7000\"   \/>\n<input type=\"hidden\" name=\"item_meta[1979]\" id=\"field_sj5093\" value=\"\"     \/>\n<input type=\"hidden\" name=\"item_meta[1980]\" id=\"field_shom13\" value=\"100\"  data-frmval=\"100\"   \/>\n<input type=\"hidden\" name=\"item_meta[1981]\" id=\"field_mxmuu3\" value=\"\"     \/>\n<input type=\"hidden\" name=\"item_meta[1982]\" id=\"field_fqckw3-0\" value=\"\"     \/>\n<input type=\"hidden\" name=\"item_meta[1983]\" id=\"field_t343e4\" value=\"\"     \/>\n<input type=\"hidden\" name=\"item_meta[1984]\" id=\"field_haus-ummauert4-0\" value=\"\"     \/>\n<input type=\"hidden\" name=\"item_meta[1985]\" id=\"field_rd4x03\" value=\"\"     \/>\n<input type=\"hidden\" name=\"item_meta[1986]\" id=\"field_pytt3-0\" value=\"\"     \/>\n<input type=\"hidden\" name=\"item_meta[1987]\" id=\"field_ksu5z3\" value=\"\"     \/>\n<input type=\"hidden\" name=\"item_meta[1988]\" id=\"field_24qjk3-0\" value=\"\"     \/>\n<input type=\"hidden\" name=\"item_meta[1989]\" id=\"field_dhcok3\" value=\"\"     \/>\n<input type=\"hidden\" name=\"item_meta[1990]\" id=\"field_wrix03-0\" value=\"\"     \/>\n<input type=\"hidden\" name=\"item_meta[1991]\" id=\"field_c060w3\" value=\"\"     \/>\n<input type=\"hidden\" name=\"item_meta[1992]\" id=\"field_s8o0l3-0\" value=\"\"     \/>\n<input type=\"hidden\" name=\"item_meta[1993]\" id=\"field_dpek13\" value=\"\"     \/>\n<input type=\"hidden\" name=\"item_meta[1994]\" id=\"field_z78uo3-0\" value=\"\"     \/>\n<input type=\"hidden\" name=\"item_meta[1995]\" id=\"field_fjcgq3\" value=\"\"     \/>\n<input type=\"hidden\" name=\"item_meta[1996]\" id=\"field_y9ss63-0\" value=\"\"     \/>\n<input type=\"hidden\" name=\"item_meta[1997]\" id=\"field_lm8i53\" value=\"\"     \/>\n<input type=\"hidden\" name=\"item_meta[1998]\" id=\"field_e5yl64-0\" value=\"\"     \/>\n<input type=\"hidden\" name=\"item_meta[1999]\" id=\"field_gaqhb3\" value=\"\"     \/>\n<input type=\"hidden\" name=\"item_meta[2000]\" id=\"field_4ycc13-0\" value=\"\"     \/>\n<input type=\"hidden\" name=\"item_meta[2001]\" id=\"field_9sncv3\" value=\"\"     \/>\n<input type=\"hidden\" name=\"item_meta[2002]\" id=\"field_jwkf43-0\" value=\"\"     \/>\n<input type=\"hidden\" name=\"item_meta[2003]\" id=\"field_hpnjk3\" value=\"\"     \/>\n<input type=\"hidden\" name=\"item_meta[2004]\" id=\"field_tpgsk3-0\" value=\"\"     \/>\n<input type=\"hidden\" name=\"item_meta[2005]\" id=\"field_ocbbw3\" value=\"\"     \/>\n<input type=\"hidden\" name=\"item_meta[2006]\" id=\"field_vzqgw3\" value=\"100\"  data-frmval=\"100\"   \/>\n<input type=\"hidden\" name=\"item_meta[2007]\" id=\"field_fun7m4\" value=\"\"     \/>\n<input type=\"hidden\" name=\"item_meta[2008]\" id=\"field_78zr34\" value=\"100\"  data-frmval=\"100\"   \/>\n<input type=\"hidden\" name=\"item_meta[2009]\" id=\"field_2uyjh3\" value=\"\"     \/>\n<input type=\"hidden\" name=\"item_meta[2010]\" id=\"field_w2usm3\" value=\"350\"  data-frmval=\"350\"   \/>\n<input type=\"hidden\" name=\"item_meta[2011]\" id=\"field_hulnw3\" value=\"\"     \/>\n<input type=\"hidden\" name=\"item_meta[2012]\" id=\"field_9veiw3\" value=\"100\"  data-frmval=\"100\"   \/>\n<input type=\"hidden\" name=\"item_meta[2013]\" id=\"field_o01jv3\" value=\"\"     \/>\n<input type=\"hidden\" name=\"item_meta[2014]\" id=\"field_c2aea3\" value=\"50\"  data-frmval=\"50\"   \/>\n<input type=\"hidden\" name=\"item_meta[2015]\" id=\"field_rzhs54\" value=\"\"     \/>\n<input type=\"hidden\" name=\"item_meta[2016]\" id=\"field_elh804-0\" value=\"\"     \/>\n<input type=\"hidden\" name=\"item_meta[2017]\" id=\"field_1n6gz3\" value=\"\"     \/>\n<input type=\"hidden\" name=\"item_meta[2018]\" id=\"field_6g25l3-0\" value=\"\"     \/>\n<input type=\"hidden\" name=\"item_meta[2019]\" id=\"field_bnywk3\" value=\"\"     \/>\n<input type=\"hidden\" name=\"item_meta[2020]\" id=\"field_rveby3-0\" value=\"\"     \/>\n<input type=\"hidden\" name=\"item_meta[2021]\" id=\"field_2z8g73\" value=\"\"     \/>\n<input type=\"hidden\" name=\"item_meta[2022]\" id=\"field_eliml3-0\" value=\"\"     \/>\n<input type=\"hidden\" name=\"item_meta[2023]\" id=\"field_k31qn3\" value=\"\"     \/>\n<input type=\"hidden\" name=\"item_meta[2024]\" id=\"field_20b5t3-0\" value=\"\"     \/>\n<input type=\"hidden\" name=\"item_meta[2025]\" id=\"field_z5mui3\" value=\"\"     \/>\n<input type=\"hidden\" name=\"item_meta[2026]\" id=\"field_vcu613-0\" value=\"\"     \/>\n<input type=\"hidden\" name=\"item_meta[2027]\" id=\"field_6nnd3\" value=\"\"     \/>\n<input type=\"hidden\" name=\"item_meta[2028]\" id=\"field_e68jr3-0\" value=\"\"     \/>\n<input type=\"hidden\" name=\"item_meta[2029]\" id=\"field_dz9l94\" value=\"\"     \/>\n<input type=\"hidden\" name=\"item_meta[2030]\" id=\"field_mawwj4\" value=\"\"     \/>\n<input type=\"hidden\" name=\"item_meta[2031]\" id=\"field_kvaer3\" value=\"\"     \/>\n<input type=\"hidden\" name=\"item_meta[2032]\" id=\"field_k6k843\" value=\"\"     \/>\n<input type=\"hidden\" name=\"item_meta[2033]\" id=\"field_9wqqq4\" value=\"\"     \/>\n<input type=\"hidden\" name=\"item_meta[2034]\" id=\"field_cc8uv4-0\" value=\"\"     \/>\n<input type=\"hidden\" name=\"item_meta[2035]\" id=\"field_7rfaq4\" value=\"\"     \/>\n<input type=\"hidden\" name=\"item_meta[2036]\" id=\"field_ze1hh3\" value=\"\" \/>\n\t\t\t<input type=\"hidden\" name=\"item_meta[2038]\" id=\"field_n8moe3\" value=\"\"     \/>\n<input type=\"hidden\" name=\"item_meta[2039]\" id=\"field_l3v3v3\" value=\"\"     \/>\n<input type=\"hidden\" name=\"item_meta[2040]\" id=\"field_m8wpy4\" value=\"\"     \/>\n<input type=\"hidden\" name=\"item_meta[2041]\" id=\"field_kxj8y4\" value=\"\"     \/>\n<input type=\"hidden\" name=\"item_meta[2043]\" id=\"field_s01t33\" value=\"\"     \/>\n<input type=\"hidden\" name=\"item_meta[2044]\" id=\"field_65drt4\" value=\"\"     \/>\n<input type=\"hidden\" name=\"item_meta[2045]\" id=\"field_ik9uz3\" value=\"\"     \/>\n<input type=\"hidden\" name=\"item_meta[2046]\" id=\"field_323g3\" value=\"\"     \/>\n<input type=\"hidden\" name=\"item_meta[2047]\" id=\"field_xiyqh3\" value=\"\"     \/>\n<input type=\"hidden\" name=\"item_meta[2048]\" id=\"field_21ol33\" value=\"\"     \/>\n\t<input type=\"hidden\" name=\"item_key\" value=\"\" \/>\n\t\t\t\t<div class=\"frm__673eebc93f956\">\n\t\t\t\t<label for=\"frm_email_41\" >\n\t\t\t\t\tSi eres humano, deja este campo en blanco.\t\t\t\t<\/label>\n\t\t\t\t<input  id=\"frm_email_41\" type=\"text\" class=\"frm_verify\" name=\"frm__673eebc93f956\" value=\"\" autocomplete=\"off\"  \/>\n\t\t\t<\/div>\n\t\t<input name=\"frm_state\" type=\"hidden\" value=\"OKakGQLANxm7gRhxISe\/e3riDWd3OI1bGremcbeK9gsPWReaxzvPUFO3wu9YHhGH\" \/><\/div>\r\n\r\n\r\n<script>\r\n\r\njQuery(document).ready(function () {\r\n\r\n\r\njQuery('.button_first').click(function(){\r\n    jQuery(this).next('input').val(\"por primera vez\");\r\njQuery(\".frm_button_submit\").trigger( \"click\" );\r\n});\r\n\r\n\r\n\r\nvar dalej = jQuery('.frm_button_submit');\r\n\r\n    jQuery('input[type=\"radio\"]').click(function () {\r\n       jQuery('input:not(:checked)').parent().removeClass(\"choosen\");\r\n        jQuery('input:checked').parent().addClass(\"choosen\");\r\n   \r\n\r\nif (jQuery('input:checked').parent().hasClass(\"choosen\")) {\r\n\/\/alert('es geht weiter ;-)');\r\n  dalej.trigger('click');\r\n}\r\n\r\n   });  \r\n\r\n\r\n  jQuery('input[type=\"checkbox\"]').click(function () {\r\n       jQuery('input:not(:checked)').parent().removeClass(\"choosen\");\r\n        jQuery('input:checked').parent().addClass(\"choosen\");\r\n  \r\n   });  \r\n\r\n\r\n\r\n\r\n\r\n\r\n\r\n});\r\n\r\n\r\n\r\n\r\n\r\n\r\njQuery( document ).ajaxComplete(function() {\t\r\n\r\n\r\n\r\n\r\nvar rangeQ = jQuery('.frm_range_container input[type=\"range\"]');\r\nvar box = jQuery('.input_feld #number');\r\n\r\nvar box_jahr = jQuery('#frm_field_171_container .input_feld #number');\r\n\r\nvar box_seit = jQuery('#field_mawwj');\r\n\r\nvar v_val_min = rangeQ.attr(\"min\");\r\nrangeQ.attr(\"value\", v_val_min);\r\nbox.attr(\"value\", accounting.formatMoney(v_val_min,value_symbol, 0, \".\", \",\", \"%v %s\"));\r\nbox_jahr.attr(\"value\", accounting.formatMoney(v_val_min,value_symbol, 0, \"\", \",\", \"%s %v\"));\r\n\r\n\/\/box_seit.attr(\"value\", \"seit: \");\r\n\r\n\/\/box_seit.attr(\"value\", accounting.formatMoney(value,\"seit :\", 0, \".\", \",\", \"%v %s\"));\r\n\r\n\r\n\r\n\r\n\/\/jQuery('.inputNumber').val(accounting.formatMoney(v_val_min,value_symbol, 0, \".\", \",\", \"%v %s\"));\r\n\r\n\r\n\r\n\r\n\r\n\r\njQuery(\"span.frm_range_value\").after(function() { if (jQuery(\".frm_button_submit\" ).length >1)  { \r\n}\r\nelse \r\n{\r\n\/*\r\nvar range = document.querySelector('.frm_range_container input[type=\"range\"]');\r\nvar field = document.getElementById('num1');\r\n\r\nrange.addEventListener('input', function (e) {\r\n  field.value = e.target.value;\r\n});\r\nfield.addEventListener('input', function (e) {\r\n  range.value = e.target.value;\r\n});\r\n*\/\r\n\r\n\r\nreturn '<div class=\"frm_submit extra_weiter\"><button class=\"frm_button_submit\" type=\"submit\">Weiter<\/button><\/div>';\r\n\r\n\r\n\r\n}\r\n});\r\n});\r\n\r\n\r\n\r\n\r\n\r\n\/*\r\njQuery( document ).ajaxComplete(function() {\t\r\njQuery(\"input[type='range']\").addClass(\"inputRange\").after(function() { if (jQuery(\".frm_button_submit\" ).length >1)  { \r\n}\r\nelse \r\n{\r\nreturn '<div class=\"extra_weiter\"><button class=\"frm_button_submit\" type=\"submit\">Weiter<\/button><\/div>';\r\n}\r\n});\r\n});\r\n\r\n*\/\r\n\r\n<\/script>\r\n\r\n\r\n\r\n\r\n\r\n\r\n\r\n\r\n\r\n\r\n\r\n\r\n\r\n\r\n\r\n\r\n\r\n\r\n\r\n\r\n\r\n\r\n<!--<script type=\"text\/javascript\">\r\n\r\njQuery( document ).ajaxComplete(function() {\r\n\t\r\n\/\/\tjQuery('.frm_form_fields input').each(function(index){\r\n\/\/  jQuery(this).addClass('at_'+ index);\r\n\/\/});\r\n\t\r\njQuery(\"input[type='range']\").addClass(\"inputRange\").after(function() { if (jQuery(\"#number1\" ).length >0)  { \r\n}\r\nelse \r\n{\r\nreturn '<input type=\"number\" id=\"number1\" class=\"inputNumber\"><\/div>';\r\n}\r\n});\r\nvar max_val = jQuery(\".inputRange\").attr(\"max\");\r\nvar min_val = jQuery(\".inputRange\").attr(\"min\");\r\n\r\njQuery(\".inputNumber\").attr(\"max\", max_val).attr(\"min\", min_val);\r\n\r\n\r\nvar range = document.querySelector('.inputRange');\r\nvar field = document.getElementById('number1');\r\n\r\nrange.addEventListener('input', function (e) {\r\n  field.value = e.target.value;\r\n});\r\n\r\n\r\nfield.addEventListener('input', function (e) {\r\n  range.value = e.target.value;\r\n});\r\n\r\njQuery('.inputRange, .inputNumber').on('input', function(){\r\n jQuery(this).siblings('.inputRange, .inputNumber').val(this.value);\r\n});\r\n});\r\n\r\n\r\n<\/script>--><div class=\"frm_submit\">\r\n\r\n\r\n<div class=\"send-button\"><button class=\"frm_button_submit\" type=\"submit\"  >Weiter<\/button><br\/>\r\n<\/div>\r\n\r\n\r\n\r\n\r\n<\/div>\r\n\r\n<\/div>\n<\/fieldset>\n<\/div>\n\n<\/form>\n<\/div>\n<\/p>\n\t\t\t\t\t\t<\/div>\n\t\t\t\t<\/div>\n\t\t\t\t\t<\/div>\n\t\t<\/div>\n\t\t\t\t\t<\/div>\n\t\t<\/section>\n\t\t\t\t\t<\/div>\n\t\t<\/div>\n\t\t\t\t\t<\/div>\n\t\t<\/section>\n\t\t\t\t<\/div>\n\t\t","protected":false},"excerpt":{"rendered":"","protected":false},"author":4,"featured_media":0,"parent":0,"menu_order":0,"comment_status":"closed","ping_status":"closed","template":"","meta":{"_monsterinsights_skip_tracking":false,"_monsterinsights_sitenote_active":false,"_monsterinsights_sitenote_note":"","_monsterinsights_sitenote_category":0,"generate_page_header":"","footnotes":""},"class_list":["post-43183","page","type-page","status-publish"],"_links":{"self":[{"href":"https:\/\/immobilien.one\/es\/wp-json\/wp\/v2\/pages\/43183","targetHints":{"allow":["GET"]}}],"collection":[{"href":"https:\/\/immobilien.one\/es\/wp-json\/wp\/v2\/pages"}],"about":[{"href":"https:\/\/immobilien.one\/es\/wp-json\/wp\/v2\/types\/page"}],"author":[{"embeddable":true,"href":"https:\/\/immobilien.one\/es\/wp-json\/wp\/v2\/users\/4"}],"replies":[{"embeddable":true,"href":"https:\/\/immobilien.one\/es\/wp-json\/wp\/v2\/comments?post=43183"}],"version-history":[{"count":6,"href":"https:\/\/immobilien.one\/es\/wp-json\/wp\/v2\/pages\/43183\/revisions"}],"predecessor-version":[{"id":43587,"href":"https:\/\/immobilien.one\/es\/wp-json\/wp\/v2\/pages\/43183\/revisions\/43587"}],"wp:attachment":[{"href":"https:\/\/immobilien.one\/es\/wp-json\/wp\/v2\/media?parent=43183"}],"curies":[{"name":"wp","href":"https:\/\/api.w.org\/{rel}","templated":true}]}}