{"id":43175,"date":"2018-12-07T12:30:06","date_gmt":"2018-12-07T12:30:06","guid":{"rendered":"https:\/\/immobilien.one\/gracias-compra\/"},"modified":"2018-12-18T10:30:50","modified_gmt":"2018-12-18T10:30:50","slug":"gracias-compra","status":"publish","type":"page","link":"https:\/\/immobilien.one\/es\/gracias-compra\/","title":{"rendered":"Gracias compra"},"content":{"rendered":"\t\t<div data-elementor-type=\"wp-post\" data-elementor-id=\"43175\" class=\"elementor elementor-43175 elementor-41969 elementor-bc-flex-widget\" data-elementor-post-type=\"page\">\n\t\t\t\t\t\t<section class=\"elementor-section elementor-top-section elementor-element elementor-element-84fcc63 elementor-section-content-middle elementor-section-stretched elementor-section-boxed elementor-section-height-default elementor-section-height-default\" data-id=\"84fcc63\" data-element_type=\"section\" data-settings=\"{&quot;stretch_section&quot;:&quot;section-stretched&quot;,&quot;background_background&quot;:&quot;classic&quot;}\">\n\t\t\t\t\t\t\t<div class=\"elementor-background-overlay\"><\/div>\n\t\t\t\t\t\t\t<div class=\"elementor-container elementor-column-gap-no\">\n\t\t\t\t\t<div class=\"elementor-column elementor-col-100 elementor-top-column elementor-element elementor-element-403acf7 tree-boxes\" data-id=\"403acf7\" data-element_type=\"column\" data-settings=\"{&quot;background_background&quot;:&quot;classic&quot;}\">\n\t\t\t<div class=\"elementor-widget-wrap elementor-element-populated\">\n\t\t\t\t\t\t<div class=\"elementor-element elementor-element-21c20b6 uppercase elementor-widget elementor-widget-heading\" data-id=\"21c20b6\" data-element_type=\"widget\" data-widget_type=\"heading.default\">\n\t\t\t\t<div class=\"elementor-widget-container\">\n\t\t\t<h1 class=\"elementor-heading-title elementor-size-default\">Muchas Gracias<\/h1>\t\t<\/div>\n\t\t\t\t<\/div>\n\t\t\t\t<div class=\"elementor-element elementor-element-1fc786a uppercase elementor-widget elementor-widget-heading\" data-id=\"1fc786a\" data-element_type=\"widget\" data-widget_type=\"heading.default\">\n\t\t\t\t<div class=\"elementor-widget-container\">\n\t\t\t<h3 class=\"elementor-heading-title elementor-size-default\">Para su solicitud de b\u00fasqueda<\/h3>\t\t<\/div>\n\t\t\t\t<\/div>\n\t\t\t\t<div class=\"elementor-element elementor-element-88cc2fb elementor-widget-divider--view-line elementor-widget elementor-widget-divider\" data-id=\"88cc2fb\" data-element_type=\"widget\" data-widget_type=\"divider.default\">\n\t\t\t\t<div class=\"elementor-widget-container\">\n\t\t\t\t\t<div class=\"elementor-divider\">\n\t\t\t<span class=\"elementor-divider-separator\">\n\t\t\t\t\t\t<\/span>\n\t\t<\/div>\n\t\t\t\t<\/div>\n\t\t\t\t<\/div>\n\t\t\t\t\t<\/div>\n\t\t<\/div>\n\t\t\t\t\t<\/div>\n\t\t<\/section>\n\t\t\t\t<section class=\"elementor-section elementor-top-section elementor-element elementor-element-cdad2db elementor-section-content-middle elementor-section-stretched elementor-section-boxed elementor-section-height-default elementor-section-height-default\" data-id=\"cdad2db\" data-element_type=\"section\" data-settings=\"{&quot;stretch_section&quot;:&quot;section-stretched&quot;,&quot;background_background&quot;:&quot;classic&quot;}\">\n\t\t\t\t\t\t\t<div class=\"elementor-background-overlay\"><\/div>\n\t\t\t\t\t\t\t<div class=\"elementor-container elementor-column-gap-no\">\n\t\t\t\t\t<div class=\"elementor-column elementor-col-100 elementor-top-column elementor-element elementor-element-287a1e7\" data-id=\"287a1e7\" data-element_type=\"column\">\n\t\t\t<div class=\"elementor-widget-wrap elementor-element-populated\">\n\t\t\t\t\t\t<div class=\"elementor-element elementor-element-3e8f7c8 elementor-invisible elementor-widget elementor-widget-image\" data-id=\"3e8f7c8\" data-element_type=\"widget\" data-settings=\"{&quot;_animation&quot;:&quot;fadeIn&quot;,&quot;_animation_delay&quot;:200}\" data-widget_type=\"image.default\">\n\t\t\t\t<div class=\"elementor-widget-container\">\n\t\t\t\t\t\t\t\t\t\t\t\t\t<img decoding=\"async\" width=\"500\" height=\"52\" src=\"https:\/\/immobilien.one\/wp-content\/uploads\/2018\/10\/Zeichenfl\u00e4che-1_1-500px.png\" class=\"attachment-full size-full wp-image-42885\" alt=\"Immobilien.one - Propiedades en venta en Mallorca, Propiedades en venta en Mallorca, Casa en venta en Mallorca, Comprar apartamento, Casa en venta, Apartamento en venta, Venta de terrenos, Venta de terrenos, Propiedades en venta Espa\u00f1a, L\u00ednea Gris\" srcset=\"https:\/\/immobilien.one\/wp-content\/uploads\/2018\/10\/Zeichenfl\u00e4che-1_1-500px.png 500w, https:\/\/immobilien.one\/wp-content\/uploads\/2018\/10\/Zeichenfl\u00e4che-1_1-500px-300x31.png 300w\" sizes=\"(max-width: 500px) 100vw, 500px\" \/>\t\t\t\t\t\t\t\t\t\t\t\t\t<\/div>\n\t\t\t\t<\/div>\n\t\t\t\t<section class=\"elementor-section elementor-inner-section elementor-element elementor-element-5799a62 elementor-section-boxed elementor-section-height-default elementor-section-height-default\" data-id=\"5799a62\" data-element_type=\"section\">\n\t\t\t\t\t\t<div class=\"elementor-container elementor-column-gap-default\">\n\t\t\t\t\t<div class=\"elementor-column elementor-col-100 elementor-inner-column elementor-element elementor-element-df9be81\" data-id=\"df9be81\" data-element_type=\"column\" data-settings=\"{&quot;background_background&quot;:&quot;classic&quot;}\">\n\t\t\t<div class=\"elementor-widget-wrap elementor-element-populated\">\n\t\t\t\t\t\t<div class=\"elementor-element elementor-element-32d1bb2 elementor-invisible elementor-widget elementor-widget-text-editor\" data-id=\"32d1bb2\" data-element_type=\"widget\" data-settings=\"{&quot;_animation&quot;:&quot;fadeIn&quot;,&quot;_animation_delay&quot;:300}\" data-widget_type=\"text-editor.default\">\n\t\t\t\t<div class=\"elementor-widget-container\">\n\t\t\t\t\t\t\t<p>Estimada Se\u00f1ora, estimado Se\u00f1or,<\/p>\n<p>confirmamos la recepci\u00f3n de su solicitud y le damos las gracias por su orden de b\u00fasqueda.<\/p>\n<p>Su solicitud est\u00e1 ahora dentro de nuestra caja fuerte de inmuebles y se comparar\u00e1 con todas las ofertas de venta. Pronto le informaremos de los \u00e9xitos. Recibir\u00e1 por correo electr\u00f3nico la lista de sus criterios de b\u00fasqueda personales que acaba de crear.<\/p>\n<p>Le deseamos lo mejor y le agradecemos su confianza.<\/p>\n<p>Su equipo de immobilien.one<\/p>\n\t\t\t\t\t\t<\/div>\n\t\t\t\t<\/div>\n\t\t\t\t\t<\/div>\n\t\t<\/div>\n\t\t\t\t\t<\/div>\n\t\t<\/section>\n\t\t\t\t\t<\/div>\n\t\t<\/div>\n\t\t\t\t\t<\/div>\n\t\t<\/section>\n\t\t\t\t<section class=\"elementor-section elementor-top-section elementor-element elementor-element-68bb018c elementor-section-content-middle elementor-section-stretched elementor-section-boxed elementor-section-height-default elementor-section-height-default\" data-id=\"68bb018c\" data-element_type=\"section\" data-settings=\"{&quot;stretch_section&quot;:&quot;section-stretched&quot;,&quot;background_background&quot;:&quot;classic&quot;}\">\n\t\t\t\t\t\t\t<div class=\"elementor-background-overlay\"><\/div>\n\t\t\t\t\t\t\t<div class=\"elementor-container elementor-column-gap-no\">\n\t\t\t\t\t<div class=\"elementor-column elementor-col-100 elementor-top-column elementor-element elementor-element-3b08aed6\" data-id=\"3b08aed6\" data-element_type=\"column\">\n\t\t\t<div class=\"elementor-widget-wrap\">\n\t\t\t\t\t\t\t<\/div>\n\t\t<\/div>\n\t\t\t\t\t<\/div>\n\t\t<\/section>\n\t\t\t\t<\/div>\n\t\t","protected":false},"excerpt":{"rendered":"<p>Muchas Gracias Para su solicitud de b\u00fasqueda Estimada Se\u00f1ora, estimado Se\u00f1or, confirmamos la recepci\u00f3n de su solicitud y le damos las gracias por su orden de b\u00fasqueda. Su solicitud est\u00e1 ahora dentro de nuestra caja fuerte de inmuebles y se comparar\u00e1 con todas las ofertas de venta. Pronto le informaremos de los \u00e9xitos. Recibir\u00e1 por &#8230; <a title=\"Gracias compra\" class=\"read-more\" href=\"https:\/\/immobilien.one\/es\/gracias-compra\/\" aria-label=\"Leer m\u00e1s sobre Gracias compra\">Leer m\u00e1s<\/a><\/p>\n","protected":false},"author":4,"featured_media":0,"parent":0,"menu_order":0,"comment_status":"closed","ping_status":"closed","template":"","meta":{"_monsterinsights_skip_tracking":false,"_monsterinsights_sitenote_active":false,"_monsterinsights_sitenote_note":"","_monsterinsights_sitenote_category":0,"generate_page_header":"","footnotes":""},"class_list":["post-43175","page","type-page","status-publish"],"_links":{"self":[{"href":"https:\/\/immobilien.one\/es\/wp-json\/wp\/v2\/pages\/43175","targetHints":{"allow":["GET"]}}],"collection":[{"href":"https:\/\/immobilien.one\/es\/wp-json\/wp\/v2\/pages"}],"about":[{"href":"https:\/\/immobilien.one\/es\/wp-json\/wp\/v2\/types\/page"}],"author":[{"embeddable":true,"href":"https:\/\/immobilien.one\/es\/wp-json\/wp\/v2\/users\/4"}],"replies":[{"embeddable":true,"href":"https:\/\/immobilien.one\/es\/wp-json\/wp\/v2\/comments?post=43175"}],"version-history":[{"count":8,"href":"https:\/\/immobilien.one\/es\/wp-json\/wp\/v2\/pages\/43175\/revisions"}],"predecessor-version":[{"id":43493,"href":"https:\/\/immobilien.one\/es\/wp-json\/wp\/v2\/pages\/43175\/revisions\/43493"}],"wp:attachment":[{"href":"https:\/\/immobilien.one\/es\/wp-json\/wp\/v2\/media?parent=43175"}],"curies":[{"name":"wp","href":"https:\/\/api.w.org\/{rel}","templated":true}]}}