{"id":43169,"date":"2018-12-07T12:07:25","date_gmt":"2018-12-07T12:07:25","guid":{"rendered":"https:\/\/immobilien.one\/fondos-que-quieren-ser-bien-calculados\/"},"modified":"2022-12-01T10:03:59","modified_gmt":"2022-12-01T10:03:59","slug":"fondos-que-quieren-ser-bien-calculados","status":"publish","type":"page","link":"https:\/\/immobilien.one\/es\/fondos-que-quieren-ser-bien-calculados\/","title":{"rendered":"CAPITAL NECESARIO, QUE DEBE CALCULARSE BIEN\u2026"},"content":{"rendered":"\t\t<div data-elementor-type=\"wp-post\" data-elementor-id=\"43169\" class=\"elementor elementor-43169 elementor-41402\" data-elementor-post-type=\"page\">\n\t\t\t\t\t\t<section class=\"elementor-section elementor-top-section elementor-element elementor-element-4b71c34 elementor-section-content-middle elementor-section-stretched elementor-section-boxed elementor-section-height-default elementor-section-height-default\" data-id=\"4b71c34\" data-element_type=\"section\" data-settings=\"{&quot;stretch_section&quot;:&quot;section-stretched&quot;,&quot;background_background&quot;:&quot;classic&quot;}\">\n\t\t\t\t\t\t\t<div class=\"elementor-background-overlay\"><\/div>\n\t\t\t\t\t\t\t<div class=\"elementor-container elementor-column-gap-no\">\n\t\t\t\t\t<div class=\"elementor-column elementor-col-100 elementor-top-column elementor-element elementor-element-349e8d2 tree-boxes\" data-id=\"349e8d2\" data-element_type=\"column\" data-settings=\"{&quot;background_background&quot;:&quot;classic&quot;}\">\n\t\t\t<div class=\"elementor-widget-wrap elementor-element-populated\">\n\t\t\t\t\t\t<div class=\"elementor-element elementor-element-0e6268e uppercase elementor-widget elementor-widget-heading\" data-id=\"0e6268e\" data-element_type=\"widget\" data-widget_type=\"heading.default\">\n\t\t\t\t<div class=\"elementor-widget-container\">\n\t\t\t<h1 class=\"elementor-heading-title elementor-size-default\">CAPITAL NECESARIO, QUE DEBE CALCULARSE BIEN\u2026<\/h1>\t\t<\/div>\n\t\t\t\t<\/div>\n\t\t\t\t<div class=\"elementor-element elementor-element-69c1a11 uppercase elementor-widget elementor-widget-heading\" data-id=\"69c1a11\" data-element_type=\"widget\" data-widget_type=\"heading.default\">\n\t\t\t\t<div class=\"elementor-widget-container\">\n\t\t\t<h3 class=\"elementor-heading-title elementor-size-default\">CAPITAL NECESARIO PARA LA COMPRA DE UN INMUEBLE EN MALLORCA<\/h3>\t\t<\/div>\n\t\t\t\t<\/div>\n\t\t\t\t<div class=\"elementor-element elementor-element-4bdad4d elementor-widget-divider--view-line elementor-widget elementor-widget-divider\" data-id=\"4bdad4d\" data-element_type=\"widget\" data-widget_type=\"divider.default\">\n\t\t\t\t<div class=\"elementor-widget-container\">\n\t\t\t\t\t<div class=\"elementor-divider\">\n\t\t\t<span class=\"elementor-divider-separator\">\n\t\t\t\t\t\t<\/span>\n\t\t<\/div>\n\t\t\t\t<\/div>\n\t\t\t\t<\/div>\n\t\t\t\t\t<\/div>\n\t\t<\/div>\n\t\t\t\t\t<\/div>\n\t\t<\/section>\n\t\t\t\t<section class=\"elementor-section elementor-top-section elementor-element elementor-element-48b3bd5 elementor-section-content-middle elementor-section-stretched elementor-section-boxed elementor-section-height-default elementor-section-height-default\" data-id=\"48b3bd5\" data-element_type=\"section\" data-settings=\"{&quot;stretch_section&quot;:&quot;section-stretched&quot;,&quot;background_background&quot;:&quot;classic&quot;}\">\n\t\t\t\t\t\t\t<div class=\"elementor-background-overlay\"><\/div>\n\t\t\t\t\t\t\t<div class=\"elementor-container elementor-column-gap-no\">\n\t\t\t\t\t<div class=\"elementor-column elementor-col-100 elementor-top-column elementor-element elementor-element-d768ab7\" data-id=\"d768ab7\" data-element_type=\"column\">\n\t\t\t<div class=\"elementor-widget-wrap elementor-element-populated\">\n\t\t\t\t\t\t<div class=\"elementor-element elementor-element-fb942bd elementor-invisible elementor-widget elementor-widget-heading\" data-id=\"fb942bd\" data-element_type=\"widget\" data-settings=\"{&quot;_animation&quot;:&quot;fadeIn&quot;,&quot;_animation_delay&quot;:100}\" data-widget_type=\"heading.default\">\n\t\t\t\t<div class=\"elementor-widget-container\">\n\t\t\t<h2 class=\"elementor-heading-title elementor-size-default\"> capital propio <\/h2>\t\t<\/div>\n\t\t\t\t<\/div>\n\t\t\t\t<div class=\"elementor-element elementor-element-1f3303a elementor-invisible elementor-widget elementor-widget-heading\" data-id=\"1f3303a\" data-element_type=\"widget\" data-settings=\"{&quot;_animation&quot;:&quot;fadeIn&quot;,&quot;_animation_delay&quot;:100}\" data-widget_type=\"heading.default\">\n\t\t\t\t<div class=\"elementor-widget-container\">\n\t\t\t<h2 class=\"elementor-heading-title elementor-size-default\">Compra de un inmueble con capital propio<\/h2>\t\t<\/div>\n\t\t\t\t<\/div>\n\t\t\t\t<div class=\"elementor-element elementor-element-3a77f9c elementor-invisible elementor-widget elementor-widget-image\" data-id=\"3a77f9c\" data-element_type=\"widget\" data-settings=\"{&quot;_animation&quot;:&quot;fadeIn&quot;,&quot;_animation_delay&quot;:200}\" data-widget_type=\"image.default\">\n\t\t\t\t<div class=\"elementor-widget-container\">\n\t\t\t\t\t\t\t\t\t\t\t\t\t<img decoding=\"async\" width=\"500\" height=\"52\" src=\"https:\/\/immobilien.one\/wp-content\/uploads\/2018\/10\/Zeichenfl\u00e4che-1_1-500px.png\" class=\"attachment-full size-full wp-image-42885\" alt=\"Immobilien.one - Propiedades en venta en Mallorca, Propiedades en venta en Mallorca, Casa en venta en Mallorca, Comprar apartamento, Casa en venta, Apartamento en venta, Venta de terrenos, Venta de terrenos, Propiedades en venta Espa\u00f1a, L\u00ednea Gris\" srcset=\"https:\/\/immobilien.one\/wp-content\/uploads\/2018\/10\/Zeichenfl\u00e4che-1_1-500px.png 500w, https:\/\/immobilien.one\/wp-content\/uploads\/2018\/10\/Zeichenfl\u00e4che-1_1-500px-300x31.png 300w\" sizes=\"(max-width: 500px) 100vw, 500px\" \/>\t\t\t\t\t\t\t\t\t\t\t\t\t<\/div>\n\t\t\t\t<\/div>\n\t\t\t\t<section class=\"elementor-section elementor-inner-section elementor-element elementor-element-405cd82 elementor-section-boxed elementor-section-height-default elementor-section-height-default\" data-id=\"405cd82\" data-element_type=\"section\">\n\t\t\t\t\t\t<div class=\"elementor-container elementor-column-gap-default\">\n\t\t\t\t\t<div class=\"elementor-column elementor-col-50 elementor-inner-column elementor-element elementor-element-3049516\" data-id=\"3049516\" data-element_type=\"column\" data-settings=\"{&quot;background_background&quot;:&quot;classic&quot;}\">\n\t\t\t<div class=\"elementor-widget-wrap elementor-element-populated\">\n\t\t\t\t\t\t<div class=\"elementor-element elementor-element-6441a13 elementor-invisible elementor-widget elementor-widget-text-editor\" data-id=\"6441a13\" data-element_type=\"widget\" data-settings=\"{&quot;_animation&quot;:&quot;fadeIn&quot;,&quot;_animation_delay&quot;:300}\" data-widget_type=\"text-editor.default\">\n\t\t\t\t<div class=\"elementor-widget-container\">\n\t\t\t\t\t\t\t<p>Aparte de <a href=\"https:\/\/immobilien.one\/es\/requisitos-compra\/\" target=\"_blank\" rel=\"noopener\">los requisitos<\/a> que hay que cumplir, lo primero es el capital que hay que invertir. En la mayor\u00eda de los casos, cuando se compra una propiedad en Mallorca, se trata de una propiedad de vacaciones. Te permites un estilo de vida en un entorno mediterr\u00e1neo con grandes playas, palmeras y sol garantizado de abril a noviembre. Sin embargo, recuerde que la calefacci\u00f3n es necesaria durante los llamados meses de invierno si est\u00e1 pensando en quedarse en Mallorca durante esta \u00e9poca. Como la mayor\u00eda de las propiedades no tienen sistema de calefacci\u00f3n, es aqu\u00ed donde hay que hacer el primer gasto correctivo. Sin embargo, esto es s\u00f3lo una cuesti\u00f3n secundaria. Para que se sienta completamente c\u00f3modo financieramente despu\u00e9s de la compra, le pedimos que considere el siguiente ejemplo:<\/p>\r\n\r\n<p>La familia Sonnenschein ha ahorrado un total de 500.000 euros para la compra de una propiedad en Mallorca. Ahora hay que determinar el precio de compra de la propiedad. Aparte del impuesto sobre transmisiones patrimoniales, los gastos de notar\u00eda y la inscripci\u00f3n oficial en el registro de la propiedad, es conveniente calcular un 2,5 % del precio de compra para otros gastos que se puedan realizar.<\/p>\r\n\r\n<p>Los impuestos sobre las transmisiones inmobiliarias se escalonan al 8 % del precio de compra hasta 400.000 euros, al 9 % entre 400.000 y 600.000 euros, al 10 % entre 600.000 y 1.000.000 de euros y al 11,5 % para todas las cantidades superiores a 1 mill\u00f3n de euros. Los gastos de notar\u00eda, incluyendo el registro de la propiedad, se calculan en 2.500, &#8211; euros. Por tanto, el impuesto de transmisiones patrimoniales es del 8,2%. En el reverso nos quedamos con dicho 2,5% para posibles mejoras seg\u00fan su gusto, y adem\u00e1s deducimos los gastos de los honorarios del notario, as\u00ed como del registro. El resultado es un importe total de 449.171, &#8211; euros. Por lo tanto, el precio de compra del inmueble se redondea a 450.000 euros.<\/p>\r\n\r\n<p>Al final, incluso le quedar\u00e1 con el gasto de una gran comida en un restaurante de lujo.<\/p>\r\n\r\n<p>Esta tabla deber\u00eda darle una indicaci\u00f3n entre el precio de compra y el coste total de la misma. El impuesto sobre la propiedad, los gastos de notar\u00eda, la inscripci\u00f3n en el registro de la propiedad y los posibles deseos de renovaci\u00f3n est\u00e1n incluidos.<\/p>\t\t\t\t\t\t<\/div>\n\t\t\t\t<\/div>\n\t\t\t\t\t<\/div>\n\t\t<\/div>\n\t\t\t\t<div class=\"elementor-column elementor-col-50 elementor-inner-column elementor-element elementor-element-5125a4f\" data-id=\"5125a4f\" data-element_type=\"column\" data-settings=\"{&quot;background_background&quot;:&quot;classic&quot;}\">\n\t\t\t<div class=\"elementor-widget-wrap elementor-element-populated\">\n\t\t\t\t\t\t<div class=\"elementor-element elementor-element-51d3ee6 elementor-widget elementor-widget-text-editor\" data-id=\"51d3ee6\" data-element_type=\"widget\" data-widget_type=\"text-editor.default\">\n\t\t\t\t<div class=\"elementor-widget-container\">\n\t\t\t\t\t\t\t<p style=\"text-align: left;\">\u00a0 Mi capital\u00a0 \u00a0 | \u00a0\u00a0 Precio de la propiedad<\/p>\t\t\t\t\t\t<\/div>\n\t\t\t\t<\/div>\n\t\t\t\t<div class=\"elementor-element elementor-element-87932bc elementor-widget elementor-widget-text-editor\" data-id=\"87932bc\" data-element_type=\"widget\" data-widget_type=\"text-editor.default\">\n\t\t\t\t<div class=\"elementor-widget-container\">\n\t\t\t\t\t\t\t\n<table id=\"tablepress-2\" class=\"tablepress tablepress-id-2\">\n<thead>\n<tr class=\"row-1\">\n\t<th class=\"column-1\">Mein Kapital<\/th><th class=\"column-2\"> Preis der Immobilie <\/th>\n<\/tr>\n<\/thead>\n<tbody class=\"row-striping\">\n<tr class=\"row-2\">\n\t<td class=\"column-1\">400.000,- \u20ac<\/td><td class=\"column-2\">360.000,- \u20ac <\/td>\n<\/tr>\n<tr class=\"row-3\">\n\t<td class=\"column-1\">500.000,-  \u20ac<\/td><td class=\"column-2\"> 450.000,- \u20ac<\/td>\n<\/tr>\n<tr class=\"row-4\">\n\t<td class=\"column-1\">600.000,- \u20ac<\/td><td class=\"column-2\"> 540.000,- \u20ac <\/td>\n<\/tr>\n<tr class=\"row-5\">\n\t<td class=\"column-1\">700.000,- \u20ac <\/td><td class=\"column-2\">630.000,- \u20ac <\/td>\n<\/tr>\n<tr class=\"row-6\">\n\t<td class=\"column-1\">800.000,- \u20ac <\/td><td class=\"column-2\">715.000,- \u20ac <\/td>\n<\/tr>\n<tr class=\"row-7\">\n\t<td class=\"column-1\">900.000,- \u20ac  <\/td><td class=\"column-2\">805.000,- \u20ac<\/td>\n<\/tr>\n<tr class=\"row-8\">\n\t<td class=\"column-1\">1.000.000,- \u20ac  <\/td><td class=\"column-2\">865.000,- \u20ac<\/td>\n<\/tr>\n<tr class=\"row-9\">\n\t<td class=\"column-1\">2.000.000,- \u20ac <\/td><td class=\"column-2\">1.775.000,- \u20ac <\/td>\n<\/tr>\n<tr class=\"row-10\">\n\t<td class=\"column-1\">3.000.000,- \u20ac<\/td><td class=\"column-2\">2.650.000,- \u20ac<\/td>\n<\/tr>\n<tr class=\"row-11\">\n\t<td class=\"column-1\">4.000.000,- \u20ac<\/td><td class=\"column-2\">3.500.000,- \u20ac<\/td>\n<\/tr>\n<\/tbody>\n<\/table>\n<!-- #tablepress-2 from cache -->\t\t\t\t\t\t<\/div>\n\t\t\t\t<\/div>\n\t\t\t\t\t<\/div>\n\t\t<\/div>\n\t\t\t\t\t<\/div>\n\t\t<\/section>\n\t\t\t\t\t<\/div>\n\t\t<\/div>\n\t\t\t\t\t<\/div>\n\t\t<\/section>\n\t\t\t\t<section class=\"elementor-section elementor-top-section elementor-element elementor-element-05d8d13 elementor-section-content-middle elementor-section-stretched elementor-section-boxed elementor-section-height-default elementor-section-height-default\" data-id=\"05d8d13\" data-element_type=\"section\" data-settings=\"{&quot;stretch_section&quot;:&quot;section-stretched&quot;,&quot;background_background&quot;:&quot;classic&quot;}\">\n\t\t\t\t\t\t\t<div class=\"elementor-background-overlay\"><\/div>\n\t\t\t\t\t\t\t<div class=\"elementor-container elementor-column-gap-no\">\n\t\t\t\t\t<div class=\"elementor-column elementor-col-100 elementor-top-column elementor-element elementor-element-74b9c7e\" data-id=\"74b9c7e\" data-element_type=\"column\">\n\t\t\t<div class=\"elementor-widget-wrap elementor-element-populated\">\n\t\t\t\t\t\t<div class=\"elementor-element elementor-element-cac51f8 elementor-invisible elementor-widget elementor-widget-heading\" data-id=\"cac51f8\" data-element_type=\"widget\" data-settings=\"{&quot;_animation&quot;:&quot;fadeIn&quot;,&quot;_animation_delay&quot;:100}\" data-widget_type=\"heading.default\">\n\t\t\t\t<div class=\"elementor-widget-container\">\n\t\t\t<h2 class=\"elementor-heading-title elementor-size-default\">capital propio y ajeno<\/h2>\t\t<\/div>\n\t\t\t\t<\/div>\n\t\t\t\t<div class=\"elementor-element elementor-element-4fd282f elementor-invisible elementor-widget elementor-widget-heading\" data-id=\"4fd282f\" data-element_type=\"widget\" data-settings=\"{&quot;_animation&quot;:&quot;fadeIn&quot;,&quot;_animation_delay&quot;:100}\" data-widget_type=\"heading.default\">\n\t\t\t\t<div class=\"elementor-widget-container\">\n\t\t\t<h2 class=\"elementor-heading-title elementor-size-default\">Compra de un inmueble con capital propio y ajeno<\/h2>\t\t<\/div>\n\t\t\t\t<\/div>\n\t\t\t\t<div class=\"elementor-element elementor-element-47baf72 elementor-invisible elementor-widget elementor-widget-image\" data-id=\"47baf72\" data-element_type=\"widget\" data-settings=\"{&quot;_animation&quot;:&quot;fadeIn&quot;,&quot;_animation_delay&quot;:200}\" data-widget_type=\"image.default\">\n\t\t\t\t<div class=\"elementor-widget-container\">\n\t\t\t\t\t\t\t\t\t\t\t\t\t<img decoding=\"async\" width=\"500\" height=\"52\" src=\"https:\/\/immobilien.one\/wp-content\/uploads\/2018\/10\/Zeichenfl\u00e4che-1_1-500px.png\" class=\"attachment-full size-full wp-image-42885\" alt=\"Immobilien.one - Propiedades en venta en Mallorca, Propiedades en venta en Mallorca, Casa en venta en Mallorca, Comprar apartamento, Casa en venta, Apartamento en venta, Venta de terrenos, Venta de terrenos, Propiedades en venta Espa\u00f1a, L\u00ednea Gris\" srcset=\"https:\/\/immobilien.one\/wp-content\/uploads\/2018\/10\/Zeichenfl\u00e4che-1_1-500px.png 500w, https:\/\/immobilien.one\/wp-content\/uploads\/2018\/10\/Zeichenfl\u00e4che-1_1-500px-300x31.png 300w\" sizes=\"(max-width: 500px) 100vw, 500px\" \/>\t\t\t\t\t\t\t\t\t\t\t\t\t<\/div>\n\t\t\t\t<\/div>\n\t\t\t\t<section class=\"elementor-section elementor-inner-section elementor-element elementor-element-6c46e7d elementor-section-boxed elementor-section-height-default elementor-section-height-default\" data-id=\"6c46e7d\" data-element_type=\"section\">\n\t\t\t\t\t\t<div class=\"elementor-container elementor-column-gap-default\">\n\t\t\t\t\t<div class=\"elementor-column elementor-col-100 elementor-inner-column elementor-element elementor-element-caf121b\" data-id=\"caf121b\" data-element_type=\"column\" data-settings=\"{&quot;background_background&quot;:&quot;classic&quot;}\">\n\t\t\t<div class=\"elementor-widget-wrap elementor-element-populated\">\n\t\t\t\t\t\t<div class=\"elementor-element elementor-element-0a33165 elementor-invisible elementor-widget elementor-widget-text-editor\" data-id=\"0a33165\" data-element_type=\"widget\" data-settings=\"{&quot;_animation&quot;:&quot;fadeIn&quot;,&quot;_animation_delay&quot;:300}\" data-widget_type=\"text-editor.default\">\n\t\t\t\t<div class=\"elementor-widget-container\">\n\t\t\t\t\t\t\t<p>Retomemos el ejemplo anterior. En esta ocasi\u00f3n tambi\u00e9n partimos de un importe total de 500.000 euros para la compra de un inmueble en Mallorca, incluida la financiaci\u00f3n del banco.<\/p>\r\n\r\n<p>Los gastos que no financia el banco son los impuestos sobre bienes inmuebles, la notar\u00eda y el registro catastral.<\/p>\r\n\r\n<p>Nuestros c\u00e1lculos se basan en un precio de compra de 450.000 euros. Existe una posibilidad de financiar el 70 % del importe. Esto, dicho de otra forma, significa que necesitamos 135.000 euros, m\u00e1s 36.500 euros del impuesto sobre transacciones inmobiliarias, m\u00e1s unos 2.500 euros para el registro y los gastos de notar\u00eda, m\u00e1s los 11.250 euros = 2,5% mencionados para posibles mejoras. Todo ello suma un total de 185.250 euros que deber\u00e1n satisfacerse con capital propio.<\/p>\r\n\r\n<p>Por tanto, el capital restante que deber\u00e1 financiarse asciende a 315.000 euros. Y si optamos por un plazo de amortizaci\u00f3n de 15 a\u00f1os con un tipo de inter\u00e9s efectivo anual del 3,50 %, deberemos abonar una cuota mensual de 2252 euros.<\/p>\r\n\r\n<p><em>Estado de la situaci\u00f3n a 27\/11\/2022.<\/em><\/p>\r\n\r\n<p><strong>Pero los gastos que ocasione el tramitar la hipoteca, no van a suponer ning\u00fan desembolso por su parte, ya que los asume todos el Banco. Es decir, no va a pagar ninguna comisi\u00f3n de apertura ni de estudio por constituir la hipoteca, ni tampoco va a tener que pagar la tasaci\u00f3n, ni los impuestos y gastos de Notar\u00eda y Registro que ocasione dicha hipoteca.<\/strong><\/p>\r\n\r\n<p>Si desea que calculemos la financiaci\u00f3n de posibles inmuebles en Mallorca, p\u00f3ngase en contacto con nosotros por correo electr\u00f3nico a trav\u00e9s de la direcci\u00f3n <a href=\"mailto:info@immobilien.one\">info@immobilien.one<\/a>.<\/p>\r\n\r\n<p>Ponemos este servicio a su disposici\u00f3n incluso aunque no actuemos como intermediarios en la compra de su inmueble en Mallorca.<\/p>\r\n\r\n<p>Esperamos haberle ayudado con nuestros ejemplos.<\/p>\t\t\t\t\t\t<\/div>\n\t\t\t\t<\/div>\n\t\t\t\t\t<\/div>\n\t\t<\/div>\n\t\t\t\t\t<\/div>\n\t\t<\/section>\n\t\t\t\t\t<\/div>\n\t\t<\/div>\n\t\t\t\t\t<\/div>\n\t\t<\/section>\n\t\t\t\t<section class=\"elementor-section elementor-top-section elementor-element elementor-element-fad5c6f elementor-section-content-middle elementor-section-stretched elementor-section-boxed elementor-section-height-default elementor-section-height-default\" data-id=\"fad5c6f\" data-element_type=\"section\" data-settings=\"{&quot;stretch_section&quot;:&quot;section-stretched&quot;,&quot;background_background&quot;:&quot;classic&quot;}\">\n\t\t\t\t\t\t\t<div class=\"elementor-background-overlay\"><\/div>\n\t\t\t\t\t\t\t<div class=\"elementor-container elementor-column-gap-no\">\n\t\t\t\t\t<div class=\"elementor-column elementor-col-100 elementor-top-column elementor-element elementor-element-c9b8472 tree-boxes\" data-id=\"c9b8472\" data-element_type=\"column\" data-settings=\"{&quot;background_background&quot;:&quot;classic&quot;}\">\n\t\t\t<div class=\"elementor-widget-wrap elementor-element-populated\">\n\t\t\t\t\t\t<section class=\"elementor-section elementor-inner-section elementor-element elementor-element-50d04db elementor-section-boxed elementor-section-height-default elementor-section-height-default\" data-id=\"50d04db\" data-element_type=\"section\">\n\t\t\t\t\t\t<div class=\"elementor-container elementor-column-gap-default\">\n\t\t\t\t\t<div class=\"elementor-column elementor-col-50 elementor-inner-column elementor-element elementor-element-0f5a1dd\" data-id=\"0f5a1dd\" data-element_type=\"column\">\n\t\t\t<div class=\"elementor-widget-wrap elementor-element-populated\">\n\t\t\t\t\t\t<div class=\"elementor-element elementor-element-096e87f elementor-flip-box--effect-fade elementor-widget elementor-widget-flip-box\" data-id=\"096e87f\" data-element_type=\"widget\" data-widget_type=\"flip-box.default\">\n\t\t\t\t<div class=\"elementor-widget-container\">\n\t\t\t\t\t<div class=\"elementor-flip-box\" tabindex=\"0\">\n\t\t\t<div class=\"elementor-flip-box__layer elementor-flip-box__front\">\n\t\t\t\t<div class=\"elementor-flip-box__layer__overlay\">\n\t\t\t\t\t<div class=\"elementor-flip-box__layer__inner\">\n\t\t\t\t\t\t\t\t\t\t\t\t\t<div class=\"elementor-icon-wrapper elementor-view-framed elementor-shape-circle\">\n\t\t\t\t\t\t\t\t<div class=\"elementor-icon\">\n\t\t\t\t\t\t\t\t\t\t\t\t\t\t\t\t\t\t\t<i class=\"fa fa-check\"><\/i>\n\t\t\t\t\t\t\t\t\t\t\t\t\t\t\t\t\t<\/div>\n\t\t\t\t\t\t\t<\/div>\n\t\t\t\t\t\t\n\t\t\t\t\t\t\t\t\t\t\t\t\t<h3 class=\"elementor-flip-box__layer__title\">\n\t\t\t\t\t\t\t\tREQUISITOS, QUE DEBEN CUMPLIRSE\u2026\t\t\t\t\t\t\t<\/h3>\n\t\t\t\t\t\t\n\t\t\t\t\t\t\t\t\t\t\t<\/div>\n\t\t\t\t<\/div>\n\t\t\t<\/div>\n\t\t\t<div class=\"elementor-flip-box__layer elementor-flip-box__back\">\n\t\t\t<div class=\"elementor-flip-box__layer__overlay\">\n\t\t\t\t<div class=\"elementor-flip-box__layer__inner\">\n\t\t\t\t\t\t\t\t\t\t\t<h3 class=\"elementor-flip-box__layer__title\">\n\t\t\t\t\t\t\tRequisitos para la compra de inmuebles\t\t\t\t\t\t<\/h3>\n\t\t\t\t\t\n\t\t\t\t\t\t\t\t\t\t\t<div class=\"elementor-flip-box__layer__description\">\n\t\t\t\t\t\t\tSiendo extranjero, debe cumplir dos requisitos para adquirir un inmueble en Espa\u00f1a.\r\nDebe disponer del denominado NIE y debe ser titular de una cuenta en un banco espa\u00f1ol.\r\n\t\t\t\t\t\t<\/div>\n\t\t\t\t\t\n\t\t\t\t\t\t\t\t\t\t\t<a class=\"elementor-flip-box__button elementor-button elementor-size-sm\" href=\"https:\/\/immobilien.one\/es\/requisitos-compra\/\">\n\t\t\t\t\t\t\tMas informacion\t\t\t\t\t\t<\/a>\n\t\t\t\t\t\t\t\t<\/div>\n\t\t<\/div>\n\t\t<\/div>\n\t\t<\/div>\n\t\t\t\t<\/div>\n\t\t\t\t<\/div>\n\t\t\t\t\t<\/div>\n\t\t<\/div>\n\t\t\t\t<div class=\"elementor-column elementor-col-50 elementor-inner-column elementor-element elementor-element-1dcbdc3\" data-id=\"1dcbdc3\" data-element_type=\"column\">\n\t\t\t<div class=\"elementor-widget-wrap elementor-element-populated\">\n\t\t\t\t\t\t<div class=\"elementor-element elementor-element-1b9bd58 elementor-flip-box--effect-fade elementor-widget elementor-widget-flip-box\" data-id=\"1b9bd58\" data-element_type=\"widget\" data-widget_type=\"flip-box.default\">\n\t\t\t\t<div class=\"elementor-widget-container\">\n\t\t\t\t\t<div class=\"elementor-flip-box\" tabindex=\"0\">\n\t\t\t<div class=\"elementor-flip-box__layer elementor-flip-box__front\">\n\t\t\t\t<div class=\"elementor-flip-box__layer__overlay\">\n\t\t\t\t\t<div class=\"elementor-flip-box__layer__inner\">\n\t\t\t\t\t\t\t\t\t\t\t\t\t<div class=\"elementor-icon-wrapper elementor-view-framed elementor-shape-circle\">\n\t\t\t\t\t\t\t\t<div class=\"elementor-icon\">\n\t\t\t\t\t\t\t\t\t\t\t\t\t\t\t\t\t\t\t<i class=\"fa fa-map-marker\"><\/i>\n\t\t\t\t\t\t\t\t\t\t\t\t\t\t\t\t\t<\/div>\n\t\t\t\t\t\t\t<\/div>\n\t\t\t\t\t\t\n\t\t\t\t\t\t\t\t\t\t\t\t\t<h3 class=\"elementor-flip-box__layer__title\">\n\t\t\t\t\t\t\t\tUBICACI\u00d3N Y ESTILO, EL D\u00d3NDE Y EL QUE\u2026\t\t\t\t\t\t\t<\/h3>\n\t\t\t\t\t\t\n\t\t\t\t\t\t\t\t\t\t\t<\/div>\n\t\t\t\t<\/div>\n\t\t\t<\/div>\n\t\t\t<div class=\"elementor-flip-box__layer elementor-flip-box__back\">\n\t\t\t<div class=\"elementor-flip-box__layer__overlay\">\n\t\t\t\t<div class=\"elementor-flip-box__layer__inner\">\n\t\t\t\t\t\t\t\t\t\t\t<h3 class=\"elementor-flip-box__layer__title\">\n\t\t\t\t\t\t\tUBICACI\u00d3N Y ESTILO, EL D\u00d3NDE Y EL QUE\t\t\t\t\t\t<\/h3>\n\t\t\t\t\t\n\t\t\t\t\t\t\t\t\t\t\t<div class=\"elementor-flip-box__layer__description\">\n\t\t\t\t\t\t\tDesde aqu\u00ed acceder\u00e1 al configurador del inmueble de sus sue\u00f1os en la isla m\u00e1s bella del mundo. T\u00f3mese su tiempo y discuta todas las cuestiones en compa\u00f1\u00eda de sus seres queridos.\r\nEsperamos que lo disfrute mucho!\t\t\t\t\t\t<\/div>\n\t\t\t\t\t\n\t\t\t\t\t\t\t\t\t\t\t<a class=\"elementor-flip-box__button elementor-button elementor-size-sm\" href=\"https:\/\/immobilien.one\/es\/configurador-compra\/\">\n\t\t\t\t\t\t\tAl configurador\t\t\t\t\t\t<\/a>\n\t\t\t\t\t\t\t\t<\/div>\n\t\t<\/div>\n\t\t<\/div>\n\t\t<\/div>\n\t\t\t\t<\/div>\n\t\t\t\t<\/div>\n\t\t\t\t\t<\/div>\n\t\t<\/div>\n\t\t\t\t\t<\/div>\n\t\t<\/section>\n\t\t\t\t\t<\/div>\n\t\t<\/div>\n\t\t\t\t\t<\/div>\n\t\t<\/section>\n\t\t\t\t<section class=\"elementor-section elementor-top-section elementor-element elementor-element-fa3df05 elementor-section-content-middle elementor-section-stretched elementor-section-boxed elementor-section-height-default elementor-section-height-default\" data-id=\"fa3df05\" data-element_type=\"section\" data-settings=\"{&quot;stretch_section&quot;:&quot;section-stretched&quot;,&quot;background_background&quot;:&quot;classic&quot;}\">\n\t\t\t\t\t\t\t<div class=\"elementor-background-overlay\"><\/div>\n\t\t\t\t\t\t\t<div class=\"elementor-container elementor-column-gap-no\">\n\t\t\t\t\t<div class=\"elementor-column elementor-col-100 elementor-top-column elementor-element elementor-element-25c3f79\" data-id=\"25c3f79\" data-element_type=\"column\">\n\t\t\t<div class=\"elementor-widget-wrap\">\n\t\t\t\t\t\t\t<\/div>\n\t\t<\/div>\n\t\t\t\t\t<\/div>\n\t\t<\/section>\n\t\t\t\t<\/div>\n\t\t","protected":false},"excerpt":{"rendered":"<p>CAPITAL NECESARIO, QUE DEBE CALCULARSE BIEN\u2026 CAPITAL NECESARIO PARA LA COMPRA DE UN INMUEBLE EN MALLORCA capital propio Compra de un inmueble con capital propio Aparte de los requisitos que hay que cumplir, lo primero es el capital que hay que invertir. En la mayor\u00eda de los casos, cuando se compra una propiedad en Mallorca, &#8230; <a title=\"CAPITAL NECESARIO, QUE DEBE CALCULARSE BIEN\u2026\" class=\"read-more\" href=\"https:\/\/immobilien.one\/es\/fondos-que-quieren-ser-bien-calculados\/\" aria-label=\"Leer m\u00e1s sobre CAPITAL NECESARIO, QUE DEBE CALCULARSE BIEN\u2026\">Leer m\u00e1s<\/a><\/p>\n","protected":false},"author":4,"featured_media":0,"parent":0,"menu_order":0,"comment_status":"closed","ping_status":"closed","template":"","meta":{"_monsterinsights_skip_tracking":false,"_monsterinsights_sitenote_active":false,"_monsterinsights_sitenote_note":"","_monsterinsights_sitenote_category":0,"generate_page_header":"","footnotes":""},"class_list":["post-43169","page","type-page","status-publish"],"_links":{"self":[{"href":"https:\/\/immobilien.one\/es\/wp-json\/wp\/v2\/pages\/43169","targetHints":{"allow":["GET"]}}],"collection":[{"href":"https:\/\/immobilien.one\/es\/wp-json\/wp\/v2\/pages"}],"about":[{"href":"https:\/\/immobilien.one\/es\/wp-json\/wp\/v2\/types\/page"}],"author":[{"embeddable":true,"href":"https:\/\/immobilien.one\/es\/wp-json\/wp\/v2\/users\/4"}],"replies":[{"embeddable":true,"href":"https:\/\/immobilien.one\/es\/wp-json\/wp\/v2\/comments?post=43169"}],"version-history":[{"count":47,"href":"https:\/\/immobilien.one\/es\/wp-json\/wp\/v2\/pages\/43169\/revisions"}],"predecessor-version":[{"id":44325,"href":"https:\/\/immobilien.one\/es\/wp-json\/wp\/v2\/pages\/43169\/revisions\/44325"}],"wp:attachment":[{"href":"https:\/\/immobilien.one\/es\/wp-json\/wp\/v2\/media?parent=43169"}],"curies":[{"name":"wp","href":"https:\/\/api.w.org\/{rel}","templated":true}]}}