{"id":43164,"date":"2018-12-07T11:49:51","date_gmt":"2018-12-07T11:49:51","guid":{"rendered":"https:\/\/immobilien.one\/requisitos-compra\/"},"modified":"2018-12-18T14:02:26","modified_gmt":"2018-12-18T14:02:26","slug":"requisitos-compra","status":"publish","type":"page","link":"https:\/\/immobilien.one\/es\/requisitos-compra\/","title":{"rendered":"Requisitos &#8211; Compra"},"content":{"rendered":"\t\t<div data-elementor-type=\"wp-post\" data-elementor-id=\"43164\" class=\"elementor elementor-43164 elementor-41398 elementor-bc-flex-widget\" data-elementor-post-type=\"page\">\n\t\t\t\t\t\t<section class=\"elementor-section elementor-top-section elementor-element elementor-element-7c13b64 elementor-section-content-middle elementor-section-stretched elementor-section-boxed elementor-section-height-default elementor-section-height-default\" data-id=\"7c13b64\" data-element_type=\"section\" data-settings=\"{&quot;stretch_section&quot;:&quot;section-stretched&quot;,&quot;background_background&quot;:&quot;classic&quot;}\">\n\t\t\t\t\t\t\t<div class=\"elementor-background-overlay\"><\/div>\n\t\t\t\t\t\t\t<div class=\"elementor-container elementor-column-gap-no\">\n\t\t\t\t\t<div class=\"elementor-column elementor-col-100 elementor-top-column elementor-element elementor-element-5c3a700 tree-boxes\" data-id=\"5c3a700\" data-element_type=\"column\" data-settings=\"{&quot;background_background&quot;:&quot;classic&quot;}\">\n\t\t\t<div class=\"elementor-widget-wrap elementor-element-populated\">\n\t\t\t\t\t\t<div class=\"elementor-element elementor-element-f33c194 uppercase elementor-widget elementor-widget-heading\" data-id=\"f33c194\" data-element_type=\"widget\" data-widget_type=\"heading.default\">\n\t\t\t\t<div class=\"elementor-widget-container\">\n\t\t\t<h1 class=\"elementor-heading-title elementor-size-default\">REQUISITOS, QUE DEBEN CUMPLIRSE\u2026<\/h1>\t\t<\/div>\n\t\t\t\t<\/div>\n\t\t\t\t<div class=\"elementor-element elementor-element-99f23bf uppercase elementor-widget elementor-widget-heading\" data-id=\"99f23bf\" data-element_type=\"widget\" data-widget_type=\"heading.default\">\n\t\t\t\t<div class=\"elementor-widget-container\">\n\t\t\t<h3 class=\"elementor-heading-title elementor-size-default\">Condiciones de compra de un inmueble en Mallorca.<\/h3>\t\t<\/div>\n\t\t\t\t<\/div>\n\t\t\t\t<div class=\"elementor-element elementor-element-bd75995 elementor-widget-divider--view-line elementor-widget elementor-widget-divider\" data-id=\"bd75995\" data-element_type=\"widget\" data-widget_type=\"divider.default\">\n\t\t\t\t<div class=\"elementor-widget-container\">\n\t\t\t\t\t<div class=\"elementor-divider\">\n\t\t\t<span class=\"elementor-divider-separator\">\n\t\t\t\t\t\t<\/span>\n\t\t<\/div>\n\t\t\t\t<\/div>\n\t\t\t\t<\/div>\n\t\t\t\t\t<\/div>\n\t\t<\/div>\n\t\t\t\t\t<\/div>\n\t\t<\/section>\n\t\t\t\t<section class=\"elementor-section elementor-top-section elementor-element elementor-element-0a7c9f7 elementor-section-content-middle elementor-section-stretched elementor-section-boxed elementor-section-height-default elementor-section-height-default\" data-id=\"0a7c9f7\" data-element_type=\"section\" data-settings=\"{&quot;stretch_section&quot;:&quot;section-stretched&quot;,&quot;background_background&quot;:&quot;classic&quot;}\">\n\t\t\t\t\t\t\t<div class=\"elementor-background-overlay\"><\/div>\n\t\t\t\t\t\t\t<div class=\"elementor-container elementor-column-gap-no\">\n\t\t\t\t\t<div class=\"elementor-column elementor-col-100 elementor-top-column elementor-element elementor-element-e7cef8e\" data-id=\"e7cef8e\" data-element_type=\"column\">\n\t\t\t<div class=\"elementor-widget-wrap elementor-element-populated\">\n\t\t\t\t\t\t<div class=\"elementor-element elementor-element-dfe37c2 elementor-invisible elementor-widget elementor-widget-heading\" data-id=\"dfe37c2\" data-element_type=\"widget\" data-settings=\"{&quot;_animation&quot;:&quot;fadeIn&quot;,&quot;_animation_delay&quot;:100}\" data-widget_type=\"heading.default\">\n\t\t\t\t<div class=\"elementor-widget-container\">\n\t\t\t<h2 class=\"elementor-heading-title elementor-size-default\">Requisitos previos<\/h2>\t\t<\/div>\n\t\t\t\t<\/div>\n\t\t\t\t<div class=\"elementor-element elementor-element-cb26143 elementor-invisible elementor-widget elementor-widget-heading\" data-id=\"cb26143\" data-element_type=\"widget\" data-settings=\"{&quot;_animation&quot;:&quot;fadeIn&quot;,&quot;_animation_delay&quot;:100}\" data-widget_type=\"heading.default\">\n\t\t\t\t<div class=\"elementor-widget-container\">\n\t\t\t<h2 class=\"elementor-heading-title elementor-size-default\">Para una compra de bienes ra\u00edces en Mallorca<\/h2>\t\t<\/div>\n\t\t\t\t<\/div>\n\t\t\t\t<div class=\"elementor-element elementor-element-c74a623 elementor-invisible elementor-widget elementor-widget-image\" data-id=\"c74a623\" data-element_type=\"widget\" data-settings=\"{&quot;_animation&quot;:&quot;fadeIn&quot;,&quot;_animation_delay&quot;:200}\" data-widget_type=\"image.default\">\n\t\t\t\t<div class=\"elementor-widget-container\">\n\t\t\t\t\t\t\t\t\t\t\t\t\t<img decoding=\"async\" width=\"500\" height=\"52\" src=\"https:\/\/immobilien.one\/wp-content\/uploads\/2018\/10\/Zeichenfl\u00e4che-1_1-500px.png\" class=\"attachment-full size-full wp-image-42885\" alt=\"Immobilien.one - Propiedades en venta en Mallorca, Propiedades en venta en Mallorca, Casa en venta en Mallorca, Comprar apartamento, Casa en venta, Apartamento en venta, Venta de terrenos, Venta de terrenos, Propiedades en venta Espa\u00f1a, L\u00ednea Gris\" srcset=\"https:\/\/immobilien.one\/wp-content\/uploads\/2018\/10\/Zeichenfl\u00e4che-1_1-500px.png 500w, https:\/\/immobilien.one\/wp-content\/uploads\/2018\/10\/Zeichenfl\u00e4che-1_1-500px-300x31.png 300w\" sizes=\"(max-width: 500px) 100vw, 500px\" \/>\t\t\t\t\t\t\t\t\t\t\t\t\t<\/div>\n\t\t\t\t<\/div>\n\t\t\t\t<section class=\"elementor-section elementor-inner-section elementor-element elementor-element-44f6310 elementor-section-boxed elementor-section-height-default elementor-section-height-default\" data-id=\"44f6310\" data-element_type=\"section\">\n\t\t\t\t\t\t<div class=\"elementor-container elementor-column-gap-default\">\n\t\t\t\t\t<div class=\"elementor-column elementor-col-100 elementor-inner-column elementor-element elementor-element-74b519b\" data-id=\"74b519b\" data-element_type=\"column\" data-settings=\"{&quot;background_background&quot;:&quot;classic&quot;}\">\n\t\t\t<div class=\"elementor-widget-wrap elementor-element-populated\">\n\t\t\t\t\t\t<div class=\"elementor-element elementor-element-df974c6 elementor-invisible elementor-widget elementor-widget-text-editor\" data-id=\"df974c6\" data-element_type=\"widget\" data-settings=\"{&quot;_animation&quot;:&quot;fadeIn&quot;,&quot;_animation_delay&quot;:300}\" data-widget_type=\"text-editor.default\">\n\t\t\t\t<div class=\"elementor-widget-container\">\n\t\t\t\t\t\t\t<p>Siendo extranjero, debe cumplir dos requisitos para adquirir un inmueble en Espa\u00f1a.<\/p>\n<p>Debe disponer del denominado NIE y debe ser titular de una cuenta en un banco espa\u00f1ol.<\/p>\n<p>NIE significa \u2018N\u00daMERO DE IDENTIFICACI\u00d3N DE EXTRANJERO\u2019 y el mismo es necesario para realizar actividades comerciales de cualquier tipo en Espa\u00f1a. Evidentemente, entre ellas se incluye la compra de un inmueble o de un veh\u00edculo y tambi\u00e9n el alta de la luz, el agua o el tel\u00e9fono.<\/p>\n<p>En caso de que no disponga de NIE, puede ponerse en contacto con nosotros a trav\u00e9s de la direcci\u00f3n de correo electr\u00f3nico\u00a0<a href=\"mailto:info@immobilien.one\">info@immobilien.one<\/a>\u00a0para que nuestra notar\u00eda se encargue de tramitar su solicitud por usted.<\/p>\n<p>El otro requisito imprescindible es tener una cuenta bancaria en Espa\u00f1a. Desde hace a\u00f1os, trabajamos satisfactoriamente con uno de los principales bancos espa\u00f1oles, Caixabank. Gracias a esta colaboraci\u00f3n, usted podr\u00e1 abrir una cuenta de forma r\u00e1pida y sencilla desde su lugar de residencia. Con m\u00e1s de 170\u00a0filiales solo en Mallorca, La Caixa es una de las principales entidades financieras del pa\u00eds. En caso de que desee abrir una cuenta con dicha entidad, tambi\u00e9n deber\u00e1 escribirnos a la direcci\u00f3n\u00a0<a href=\"mailto:info@immobilien.one\">info@immobilien.one<\/a>\u00a0para que hagamos las gestiones necesarias. Un empleado de Caixabank se pondr\u00e1 en contacto con usted de inmediato.<\/p>\n<p>Si se encuentra en Mallorca en estos momentos o tiene planeado venir pr\u00f3ximamente, estaremos encantados de acompa\u00f1arle para resolver estos dos asuntos en tan solo una hora. Esperamos su visita. Ver\u00e1 recompensada la confianza depositada en nosotros con un trabajo impecable.<\/p>\n\t\t\t\t\t\t<\/div>\n\t\t\t\t<\/div>\n\t\t\t\t\t<\/div>\n\t\t<\/div>\n\t\t\t\t\t<\/div>\n\t\t<\/section>\n\t\t\t\t\t<\/div>\n\t\t<\/div>\n\t\t\t\t\t<\/div>\n\t\t<\/section>\n\t\t\t\t<section class=\"elementor-section elementor-top-section elementor-element elementor-element-917bb59 elementor-section-content-middle elementor-section-stretched elementor-section-boxed elementor-section-height-default elementor-section-height-default\" data-id=\"917bb59\" data-element_type=\"section\" data-settings=\"{&quot;stretch_section&quot;:&quot;section-stretched&quot;,&quot;background_background&quot;:&quot;classic&quot;}\">\n\t\t\t\t\t\t\t<div class=\"elementor-background-overlay\"><\/div>\n\t\t\t\t\t\t\t<div class=\"elementor-container elementor-column-gap-no\">\n\t\t\t\t\t<div class=\"elementor-column elementor-col-100 elementor-top-column elementor-element elementor-element-27154e7 tree-boxes\" data-id=\"27154e7\" data-element_type=\"column\" data-settings=\"{&quot;background_background&quot;:&quot;classic&quot;}\">\n\t\t\t<div class=\"elementor-widget-wrap elementor-element-populated\">\n\t\t\t\t\t\t<section class=\"elementor-section elementor-inner-section elementor-element elementor-element-c891a0f elementor-section-boxed elementor-section-height-default elementor-section-height-default\" data-id=\"c891a0f\" data-element_type=\"section\">\n\t\t\t\t\t\t<div class=\"elementor-container elementor-column-gap-default\">\n\t\t\t\t\t<div class=\"elementor-column elementor-col-50 elementor-inner-column elementor-element elementor-element-8efdb2c\" data-id=\"8efdb2c\" data-element_type=\"column\">\n\t\t\t<div class=\"elementor-widget-wrap elementor-element-populated\">\n\t\t\t\t\t\t<div class=\"elementor-element elementor-element-84d305e elementor-flip-box--effect-fade elementor-widget elementor-widget-flip-box\" data-id=\"84d305e\" data-element_type=\"widget\" data-widget_type=\"flip-box.default\">\n\t\t\t\t<div class=\"elementor-widget-container\">\n\t\t\t\t\t<div class=\"elementor-flip-box\" tabindex=\"0\">\n\t\t\t<div class=\"elementor-flip-box__layer elementor-flip-box__front\">\n\t\t\t\t<div class=\"elementor-flip-box__layer__overlay\">\n\t\t\t\t\t<div class=\"elementor-flip-box__layer__inner\">\n\t\t\t\t\t\t\t\t\t\t\t\t\t<div class=\"elementor-icon-wrapper elementor-view-framed elementor-shape-circle\">\n\t\t\t\t\t\t\t\t<div class=\"elementor-icon\">\n\t\t\t\t\t\t\t\t\t\t\t\t\t\t\t\t\t\t\t<i class=\"fa fa-euro\"><\/i>\n\t\t\t\t\t\t\t\t\t\t\t\t\t\t\t\t\t<\/div>\n\t\t\t\t\t\t\t<\/div>\n\t\t\t\t\t\t\n\t\t\t\t\t\t\t\t\t\t\t\t\t<h3 class=\"elementor-flip-box__layer__title\">\n\t\t\t\t\t\t\t\tCAPITAL NECESARIO, QUE DEBE CALCULARSE BIEN\u2026\t\t\t\t\t\t\t<\/h3>\n\t\t\t\t\t\t\n\t\t\t\t\t\t\t\t\t\t\t<\/div>\n\t\t\t\t<\/div>\n\t\t\t<\/div>\n\t\t\t<div class=\"elementor-flip-box__layer elementor-flip-box__back\">\n\t\t\t<div class=\"elementor-flip-box__layer__overlay\">\n\t\t\t\t<div class=\"elementor-flip-box__layer__inner\">\n\t\t\t\t\t\t\t\t\t\t\t<h3 class=\"elementor-flip-box__layer__title\">\n\t\t\t\t\t\t\tCAPITAL NECESARIO PARA LA COMPRA DE UN INMUEBLE EN MALLORCA\t\t\t\t\t\t<\/h3>\n\t\t\t\t\t\n\t\t\t\t\t\t\t\t\t\t\t<div class=\"elementor-flip-box__layer__description\">\n\t\t\t\t\t\t\tCompra de un inmueble con capital propio.\r\nDejando a un lado los requisitos que se deben cumplir, el capital de inversi\u00f3n es lo m\u00e1s importante, evidentemente. La mayor\u00eda de los inmuebles que se compran en Mallorca son segundas residencias. \t\t\t\t\t\t<\/div>\n\t\t\t\t\t\n\t\t\t\t\t\t\t\t\t\t\t<a class=\"elementor-flip-box__button elementor-button elementor-size-sm\" href=\"https:\/\/immobilien.one\/es\/fondos-que-quieren-ser-bien-calculados\/\">\n\t\t\t\t\t\t\tMas informacion\t\t\t\t\t\t<\/a>\n\t\t\t\t\t\t\t\t<\/div>\n\t\t<\/div>\n\t\t<\/div>\n\t\t<\/div>\n\t\t\t\t<\/div>\n\t\t\t\t<\/div>\n\t\t\t\t\t<\/div>\n\t\t<\/div>\n\t\t\t\t<div class=\"elementor-column elementor-col-50 elementor-inner-column elementor-element elementor-element-04f18f4\" data-id=\"04f18f4\" data-element_type=\"column\">\n\t\t\t<div class=\"elementor-widget-wrap elementor-element-populated\">\n\t\t\t\t\t\t<div class=\"elementor-element elementor-element-950ce41 elementor-flip-box--effect-fade elementor-widget elementor-widget-flip-box\" data-id=\"950ce41\" data-element_type=\"widget\" data-widget_type=\"flip-box.default\">\n\t\t\t\t<div class=\"elementor-widget-container\">\n\t\t\t\t\t<div class=\"elementor-flip-box\" tabindex=\"0\">\n\t\t\t<div class=\"elementor-flip-box__layer elementor-flip-box__front\">\n\t\t\t\t<div class=\"elementor-flip-box__layer__overlay\">\n\t\t\t\t\t<div class=\"elementor-flip-box__layer__inner\">\n\t\t\t\t\t\t\t\t\t\t\t\t\t<div class=\"elementor-icon-wrapper elementor-view-framed elementor-shape-circle\">\n\t\t\t\t\t\t\t\t<div class=\"elementor-icon\">\n\t\t\t\t\t\t\t\t\t\t\t\t\t\t\t\t\t\t\t<i class=\"fa fa-map-marker\"><\/i>\n\t\t\t\t\t\t\t\t\t\t\t\t\t\t\t\t\t<\/div>\n\t\t\t\t\t\t\t<\/div>\n\t\t\t\t\t\t\n\t\t\t\t\t\t\t\t\t\t\t\t\t<h3 class=\"elementor-flip-box__layer__title\">\n\t\t\t\t\t\t\t\tUBICACI\u00d3N Y ESTILO, EL D\u00d3NDE Y EL QUE\u2026\t\t\t\t\t\t\t<\/h3>\n\t\t\t\t\t\t\n\t\t\t\t\t\t\t\t\t\t\t<\/div>\n\t\t\t\t<\/div>\n\t\t\t<\/div>\n\t\t\t<div class=\"elementor-flip-box__layer elementor-flip-box__back\">\n\t\t\t<div class=\"elementor-flip-box__layer__overlay\">\n\t\t\t\t<div class=\"elementor-flip-box__layer__inner\">\n\t\t\t\t\t\t\t\t\t\t\t<h3 class=\"elementor-flip-box__layer__title\">\n\t\t\t\t\t\t\tUBICACI\u00d3N Y ESTILO, EL D\u00d3NDE Y EL QUE\t\t\t\t\t\t<\/h3>\n\t\t\t\t\t\n\t\t\t\t\t\t\t\t\t\t\t<div class=\"elementor-flip-box__layer__description\">\n\t\t\t\t\t\t\tDesde aqu\u00ed acceder\u00e1 al configurador del inmueble de sus sue\u00f1os en la isla m\u00e1s bella del mundo. T\u00f3mese su tiempo y discuta todas las cuestiones en compa\u00f1\u00eda de sus seres queridos.\r\nEsperamos que lo disfrute mucho!\t\t\t\t\t\t<\/div>\n\t\t\t\t\t\n\t\t\t\t\t\t\t\t\t\t\t<a class=\"elementor-flip-box__button elementor-button elementor-size-sm\" href=\"https:\/\/immobilien.one\/es\/configurador-compra\/\">\n\t\t\t\t\t\t\tAl configurador\t\t\t\t\t\t<\/a>\n\t\t\t\t\t\t\t\t<\/div>\n\t\t<\/div>\n\t\t<\/div>\n\t\t<\/div>\n\t\t\t\t<\/div>\n\t\t\t\t<\/div>\n\t\t\t\t\t<\/div>\n\t\t<\/div>\n\t\t\t\t\t<\/div>\n\t\t<\/section>\n\t\t\t\t\t<\/div>\n\t\t<\/div>\n\t\t\t\t\t<\/div>\n\t\t<\/section>\n\t\t\t\t<\/div>\n\t\t","protected":false},"excerpt":{"rendered":"<p>REQUISITOS, QUE DEBEN CUMPLIRSE\u2026 Condiciones de compra de un inmueble en Mallorca. Requisitos previos Para una compra de bienes ra\u00edces en Mallorca Siendo extranjero, debe cumplir dos requisitos para adquirir un inmueble en Espa\u00f1a. Debe disponer del denominado NIE y debe ser titular de una cuenta en un banco espa\u00f1ol. NIE significa \u2018N\u00daMERO DE IDENTIFICACI\u00d3N &#8230; <a title=\"Requisitos &#8211; Compra\" class=\"read-more\" href=\"https:\/\/immobilien.one\/es\/requisitos-compra\/\" aria-label=\"Leer m\u00e1s sobre Requisitos &#8211; Compra\">Leer m\u00e1s<\/a><\/p>\n","protected":false},"author":4,"featured_media":0,"parent":0,"menu_order":0,"comment_status":"closed","ping_status":"closed","template":"","meta":{"_monsterinsights_skip_tracking":false,"_monsterinsights_sitenote_active":false,"_monsterinsights_sitenote_note":"","_monsterinsights_sitenote_category":0,"generate_page_header":"","footnotes":""},"class_list":["post-43164","page","type-page","status-publish"],"_links":{"self":[{"href":"https:\/\/immobilien.one\/es\/wp-json\/wp\/v2\/pages\/43164","targetHints":{"allow":["GET"]}}],"collection":[{"href":"https:\/\/immobilien.one\/es\/wp-json\/wp\/v2\/pages"}],"about":[{"href":"https:\/\/immobilien.one\/es\/wp-json\/wp\/v2\/types\/page"}],"author":[{"embeddable":true,"href":"https:\/\/immobilien.one\/es\/wp-json\/wp\/v2\/users\/4"}],"replies":[{"embeddable":true,"href":"https:\/\/immobilien.one\/es\/wp-json\/wp\/v2\/comments?post=43164"}],"version-history":[{"count":11,"href":"https:\/\/immobilien.one\/es\/wp-json\/wp\/v2\/pages\/43164\/revisions"}],"predecessor-version":[{"id":43520,"href":"https:\/\/immobilien.one\/es\/wp-json\/wp\/v2\/pages\/43164\/revisions\/43520"}],"wp:attachment":[{"href":"https:\/\/immobilien.one\/es\/wp-json\/wp\/v2\/media?parent=43164"}],"curies":[{"name":"wp","href":"https:\/\/api.w.org\/{rel}","templated":true}]}}